{"id":11647,"date":"2025-06-11T16:17:32","date_gmt":"2025-06-11T16:17:32","guid":{"rendered":"https:\/\/ersaspen.com.tr\/?page_id=11647"},"modified":"2026-03-18T07:01:31","modified_gmt":"2026-03-18T07:01:31","slug":"kalite-politikamiz","status":"publish","type":"page","link":"https:\/\/ersaspen.com.tr\/en\/kalite-politikamiz\/","title":{"rendered":"Kalite Politikam\u0131z"},"content":{"rendered":"<div data-elementor-type=\"wp-page\" data-elementor-id=\"11647\" class=\"elementor elementor-11647\">\n\t\t\t\t<div class=\"elementor-element elementor-element-6cde52c e-flex e-con-boxed e-con e-parent\" data-id=\"6cde52c\" data-element_type=\"container\">\n\t\t\t\t\t<div class=\"e-con-inner\">\n\t\t\t\t<div class=\"elementor-element elementor-element-46e2cfa elementor-widget elementor-widget-image\" data-id=\"46e2cfa\" data-element_type=\"widget\" data-widget_type=\"image.default\">\n\t\t\t\t<div class=\"elementor-widget-container\">\n\t\t\t\t\t\t\t\t\t\t\t\t\t\t\t<img decoding=\"async\" src=\"https:\/\/ersaspen.com.tr\/wp-content\/uploads\/2026\/03\/6.webp\" title=\"6\" alt=\"6\" loading=\"lazy\" \/>\t\t\t\t\t\t\t\t\t\t\t\t\t\t\t<\/div>\n\t\t\t\t<\/div>\n\t\t\t\t<div class=\"elementor-element elementor-element-8faf891 elementor-widget elementor-widget-heading\" data-id=\"8faf891\" data-element_type=\"widget\" data-widget_type=\"heading.default\">\n\t\t\t\t<div class=\"elementor-widget-container\">\n\t\t\t\t\t<h2 class=\"elementor-heading-title elementor-size-default\">Quality Policy<\/h2>\t\t\t\t<\/div>\n\t\t\t\t<\/div>\n\t\t\t\t<div class=\"elementor-element elementor-element-e0b42e2 elementor-widget elementor-widget-text-editor\" data-id=\"e0b42e2\" data-element_type=\"widget\" data-widget_type=\"text-editor.default\">\n\t\t\t\t<div class=\"elementor-widget-container\">\n\t\t\t\t\t\t\t\t\t<p>As Ersa\u015fpen Kompozit Profil Sanayi A.\u015e, a company with extensive knowledge and production experience, our adopted Quality Policy is as follows:<\/p><ol><li>To ensure compliance with national and international standards and regulations in all our activities,<\/li><li class=\"translation-block\">To act in accordance with the customer-oriented principle adopted by our company in the services we provide to our stakeholders,<\/li><li class=\"translation-block\">To understand the expectations and demands of our customers and meet them appropriately to ensure their satisfaction,<\/li><li class=\"translation-block\">To fulfill, document, record, and ensure the continuous improvement of the requirements of our existing quality management systems through a risk-based approach in our processes,<\/li><li class=\"translation-block\">To establish and review the company's quality objectives and programs, and to keep them under control through corrective and preventive actions,<\/li><li class=\"translation-block\">To ensure high levels of employee satisfaction, motivation, and commitment through training programs, in order to sustain the development of our employees,<\/li><li class=\"translation-block\">To continuously expand our business volume and contribute to the national economy as an organization that respects society and the environment,<\/li><li class=\"translation-block\">To create a sustainable ecosystem by adopting a life cycle approach that ensures waste reduction, reuse, and recycling, and by using natural resources efficiently and effectively, recognizing their limited availability,<\/li><li class=\"translation-block\">To ensure continuous improvement by periodically reviewing our quality, environmental, occupational health and safety practices.<\/li><\/ol>\t\t\t\t\t\t\t\t<\/div>\n\t\t\t\t<\/div>\n\t\t\t\t\t<\/div>\n\t\t\t\t<\/div>\n\t\t\t\t<\/div>","protected":false},"excerpt":{"rendered":"<p>Kalite Politikas\u0131 Y\u00fcksek bilgi birikimine ve \u00fcretim tecr\u00fcbesine sahip bir \u015firket olan Ersa\u015fpen Kompozit Profil Sanayi A.\u015e olarak benimsenmi\u015f oldu\u011fumuz Kalite Politikam\u0131z; T\u00fcm faaliyetlerimizde ulusal ve uluslararas\u0131 standartlara ve mevzuatlara uyum sa\u011flamak, Payda\u015flar\u0131m\u0131za sa\u011flad\u0131\u011f\u0131m\u0131z hizmetlerde, \u015firketimizce benimsenmi\u015f olan m\u00fc\u015fteri odakl\u0131l\u0131kilkesi \u00e7er\u00e7evesinde hareket etmek, M\u00fc\u015fterilerin beklenti ve taleplerini anlay\u0131p, bunlar\u0131 uygun \u015fekilde kar\u015f\u0131layarakmemnuniyetlerini sa\u011flamak, S\u00fcre\u00e7lerimizde risk&#8230;<\/p>","protected":false},"author":1,"featured_media":0,"parent":0,"menu_order":0,"comment_status":"closed","ping_status":"closed","template":"","meta":{"inline_featured_image":false,"footnotes":""},"class_list":["post-11647","page","type-page","status-publish","hentry"],"yoast_head":"<!-- This site is optimized with the Yoast SEO plugin v24.1 - https:\/\/yoast.com\/wordpress\/plugins\/seo\/ -->\n<title>Kalite Politikam\u0131z -<\/title>\n<meta name=\"robots\" content=\"index, follow, max-snippet:-1, max-image-preview:large, max-video-preview:-1\" \/>\n<link rel=\"canonical\" href=\"https:\/\/ersaspen.com.tr\/en\/kalite-politikamiz\/\" \/>\n<meta property=\"og:locale\" content=\"en_US\" \/>\n<meta property=\"og:type\" content=\"article\" \/>\n<meta property=\"og:title\" content=\"Kalite Politikam\u0131z -\" \/>\n<meta property=\"og:description\" content=\"Kalite Politikas\u0131 Y\u00fcksek bilgi birikimine ve \u00fcretim tecr\u00fcbesine sahip bir \u015firket olan Ersa\u015fpen Kompozit Profil Sanayi A.\u015e olarak benimsenmi\u015f oldu\u011fumuz Kalite Politikam\u0131z; T\u00fcm faaliyetlerimizde ulusal ve uluslararas\u0131 standartlara ve mevzuatlara uyum sa\u011flamak, Payda\u015flar\u0131m\u0131za sa\u011flad\u0131\u011f\u0131m\u0131z hizmetlerde, \u015firketimizce benimsenmi\u015f olan m\u00fc\u015fteri odakl\u0131l\u0131kilkesi \u00e7er\u00e7evesinde hareket etmek, M\u00fc\u015fterilerin beklenti ve taleplerini anlay\u0131p, bunlar\u0131 uygun \u015fekilde kar\u015f\u0131layarakmemnuniyetlerini sa\u011flamak, S\u00fcre\u00e7lerimizde risk...\" \/>\n<meta property=\"og:url\" content=\"https:\/\/ersaspen.com.tr\/en\/kalite-politikamiz\/\" \/>\n<meta property=\"article:modified_time\" content=\"2026-03-18T07:01:31+00:00\" \/>\n<meta property=\"og:image\" content=\"https:\/\/ersaspen.com.tr\/wp-content\/uploads\/2026\/03\/6.webp\" \/>\n<meta name=\"twitter:card\" content=\"summary_large_image\" \/>\n<meta name=\"twitter:label1\" content=\"Est. reading time\" \/>\n\t<meta name=\"twitter:data1\" content=\"2 minutes\" \/>\n<script type=\"application\/ld+json\" class=\"yoast-schema-graph\">{\"@context\":\"https:\/\/schema.org\",\"@graph\":[{\"@type\":\"WebPage\",\"@id\":\"https:\/\/ersaspen.com.tr\/kalite-politikamiz\/\",\"url\":\"https:\/\/ersaspen.com.tr\/kalite-politikamiz\/\",\"name\":\"Kalite Politikam\u0131z -\",\"isPartOf\":{\"@id\":\"https:\/\/ersaspen.com.tr\/#website\"},\"primaryImageOfPage\":{\"@id\":\"https:\/\/ersaspen.com.tr\/kalite-politikamiz\/#primaryimage\"},\"image\":{\"@id\":\"https:\/\/ersaspen.com.tr\/kalite-politikamiz\/#primaryimage\"},\"thumbnailUrl\":\"https:\/\/ersaspen.com.tr\/wp-content\/uploads\/2026\/03\/6.webp\",\"datePublished\":\"2025-06-11T16:17:32+00:00\",\"dateModified\":\"2026-03-18T07:01:31+00:00\",\"breadcrumb\":{\"@id\":\"https:\/\/ersaspen.com.tr\/kalite-politikamiz\/#breadcrumb\"},\"inLanguage\":\"en-US\",\"potentialAction\":[{\"@type\":\"ReadAction\",\"target\":[\"https:\/\/ersaspen.com.tr\/kalite-politikamiz\/\"]}]},{\"@type\":\"ImageObject\",\"inLanguage\":\"en-US\",\"@id\":\"https:\/\/ersaspen.com.tr\/kalite-politikamiz\/#primaryimage\",\"url\":\"https:\/\/ersaspen.com.tr\/wp-content\/uploads\/2026\/03\/6.webp\",\"contentUrl\":\"https:\/\/ersaspen.com.tr\/wp-content\/uploads\/2026\/03\/6.webp\"},{\"@type\":\"BreadcrumbList\",\"@id\":\"https:\/\/ersaspen.com.tr\/kalite-politikamiz\/#breadcrumb\",\"itemListElement\":[{\"@type\":\"ListItem\",\"position\":1,\"name\":\"Anasayfa\",\"item\":\"https:\/\/ersaspen.com.tr\/\"},{\"@type\":\"ListItem\",\"position\":2,\"name\":\"Kalite Politikam\u0131z\"}]},{\"@type\":\"WebSite\",\"@id\":\"https:\/\/ersaspen.com.tr\/#website\",\"url\":\"https:\/\/ersaspen.com.tr\/\",\"name\":\"Ersa\u015fpen\",\"description\":\"\",\"publisher\":{\"@id\":\"https:\/\/ersaspen.com.tr\/#organization\"},\"potentialAction\":[{\"@type\":\"SearchAction\",\"target\":{\"@type\":\"EntryPoint\",\"urlTemplate\":\"https:\/\/ersaspen.com.tr\/?s={search_term_string}\"},\"query-input\":{\"@type\":\"PropertyValueSpecification\",\"valueRequired\":true,\"valueName\":\"search_term_string\"}}],\"inLanguage\":\"en-US\"},{\"@type\":\"Organization\",\"@id\":\"https:\/\/ersaspen.com.tr\/#organization\",\"name\":\"Ersa\u015fpen\",\"url\":\"https:\/\/ersaspen.com.tr\/\",\"logo\":{\"@type\":\"ImageObject\",\"inLanguage\":\"en-US\",\"@id\":\"https:\/\/ersaspen.com.tr\/#\/schema\/logo\/image\/\",\"url\":\"https:\/\/ersaspen.com.tr\/wp-content\/uploads\/2024\/03\/ERSAS_PEN_LOGO.svg\",\"contentUrl\":\"https:\/\/ersaspen.com.tr\/wp-content\/uploads\/2024\/03\/ERSAS_PEN_LOGO.svg\",\"width\":401,\"height\":73,\"caption\":\"Ersa\u015fpen\"},\"image\":{\"@id\":\"https:\/\/ersaspen.com.tr\/#\/schema\/logo\/image\/\"}}]}<\/script>\n<!-- \/ Yoast SEO plugin. -->","yoast_head_json":{"title":"Kalite Politikam\u0131z -","robots":{"index":"index","follow":"follow","max-snippet":"max-snippet:-1","max-image-preview":"max-image-preview:large","max-video-preview":"max-video-preview:-1"},"canonical":"https:\/\/ersaspen.com.tr\/en\/kalite-politikamiz\/","og_locale":"en_US","og_type":"article","og_title":"Kalite Politikam\u0131z -","og_description":"Kalite Politikas\u0131 Y\u00fcksek bilgi birikimine ve \u00fcretim tecr\u00fcbesine sahip bir \u015firket olan Ersa\u015fpen Kompozit Profil Sanayi A.\u015e olarak benimsenmi\u015f oldu\u011fumuz Kalite Politikam\u0131z; T\u00fcm faaliyetlerimizde ulusal ve uluslararas\u0131 standartlara ve mevzuatlara uyum sa\u011flamak, Payda\u015flar\u0131m\u0131za sa\u011flad\u0131\u011f\u0131m\u0131z hizmetlerde, \u015firketimizce benimsenmi\u015f olan m\u00fc\u015fteri odakl\u0131l\u0131kilkesi \u00e7er\u00e7evesinde hareket etmek, M\u00fc\u015fterilerin beklenti ve taleplerini anlay\u0131p, bunlar\u0131 uygun \u015fekilde kar\u015f\u0131layarakmemnuniyetlerini sa\u011flamak, S\u00fcre\u00e7lerimizde risk...","og_url":"https:\/\/ersaspen.com.tr\/en\/kalite-politikamiz\/","article_modified_time":"2026-03-18T07:01:31+00:00","og_image":[{"url":"https:\/\/ersaspen.com.tr\/wp-content\/uploads\/2026\/03\/6.webp","type":"","width":"","height":""}],"twitter_card":"summary_large_image","twitter_misc":{"Est. reading time":"2 minutes"},"schema":{"@context":"https:\/\/schema.org","@graph":[{"@type":"WebPage","@id":"https:\/\/ersaspen.com.tr\/kalite-politikamiz\/","url":"https:\/\/ersaspen.com.tr\/kalite-politikamiz\/","name":"Kalite Politikam\u0131z -","isPartOf":{"@id":"https:\/\/ersaspen.com.tr\/#website"},"primaryImageOfPage":{"@id":"https:\/\/ersaspen.com.tr\/kalite-politikamiz\/#primaryimage"},"image":{"@id":"https:\/\/ersaspen.com.tr\/kalite-politikamiz\/#primaryimage"},"thumbnailUrl":"https:\/\/ersaspen.com.tr\/wp-content\/uploads\/2026\/03\/6.webp","datePublished":"2025-06-11T16:17:32+00:00","dateModified":"2026-03-18T07:01:31+00:00","breadcrumb":{"@id":"https:\/\/ersaspen.com.tr\/kalite-politikamiz\/#breadcrumb"},"inLanguage":"en-US","potentialAction":[{"@type":"ReadAction","target":["https:\/\/ersaspen.com.tr\/kalite-politikamiz\/"]}]},{"@type":"ImageObject","inLanguage":"en-US","@id":"https:\/\/ersaspen.com.tr\/kalite-politikamiz\/#primaryimage","url":"https:\/\/ersaspen.com.tr\/wp-content\/uploads\/2026\/03\/6.webp","contentUrl":"https:\/\/ersaspen.com.tr\/wp-content\/uploads\/2026\/03\/6.webp"},{"@type":"BreadcrumbList","@id":"https:\/\/ersaspen.com.tr\/kalite-politikamiz\/#breadcrumb","itemListElement":[{"@type":"ListItem","position":1,"name":"Anasayfa","item":"https:\/\/ersaspen.com.tr\/"},{"@type":"ListItem","position":2,"name":"Kalite Politikam\u0131z"}]},{"@type":"WebSite","@id":"https:\/\/ersaspen.com.tr\/#website","url":"https:\/\/ersaspen.com.tr\/","name":"Ersa\u015fpen","description":"","publisher":{"@id":"https:\/\/ersaspen.com.tr\/#organization"},"potentialAction":[{"@type":"SearchAction","target":{"@type":"EntryPoint","urlTemplate":"https:\/\/ersaspen.com.tr\/?s={search_term_string}"},"query-input":{"@type":"PropertyValueSpecification","valueRequired":true,"valueName":"search_term_string"}}],"inLanguage":"en-US"},{"@type":"Organization","@id":"https:\/\/ersaspen.com.tr\/#organization","name":"Ersa\u015fpen","url":"https:\/\/ersaspen.com.tr\/","logo":{"@type":"ImageObject","inLanguage":"en-US","@id":"https:\/\/ersaspen.com.tr\/#\/schema\/logo\/image\/","url":"https:\/\/ersaspen.com.tr\/wp-content\/uploads\/2024\/03\/ERSAS_PEN_LOGO.svg","contentUrl":"https:\/\/ersaspen.com.tr\/wp-content\/uploads\/2024\/03\/ERSAS_PEN_LOGO.svg","width":401,"height":73,"caption":"Ersa\u015fpen"},"image":{"@id":"https:\/\/ersaspen.com.tr\/#\/schema\/logo\/image\/"}}]}},"_links":{"self":[{"href":"https:\/\/ersaspen.com.tr\/en\/wp-json\/wp\/v2\/pages\/11647","targetHints":{"allow":["GET"]}}],"collection":[{"href":"https:\/\/ersaspen.com.tr\/en\/wp-json\/wp\/v2\/pages"}],"about":[{"href":"https:\/\/ersaspen.com.tr\/en\/wp-json\/wp\/v2\/types\/page"}],"author":[{"embeddable":true,"href":"https:\/\/ersaspen.com.tr\/en\/wp-json\/wp\/v2\/users\/1"}],"replies":[{"embeddable":true,"href":"https:\/\/ersaspen.com.tr\/en\/wp-json\/wp\/v2\/comments?post=11647"}],"version-history":[{"count":14,"href":"https:\/\/ersaspen.com.tr\/en\/wp-json\/wp\/v2\/pages\/11647\/revisions"}],"predecessor-version":[{"id":12043,"href":"https:\/\/ersaspen.com.tr\/en\/wp-json\/wp\/v2\/pages\/11647\/revisions\/12043"}],"wp:attachment":[{"href":"https:\/\/ersaspen.com.tr\/en\/wp-json\/wp\/v2\/media?parent=11647"}],"curies":[{"name":"wp","href":"https:\/\/api.w.org\/{rel}","templated":true}]}}