{"id":11960,"date":"2025-11-27T08:50:31","date_gmt":"2025-11-27T08:50:31","guid":{"rendered":"https:\/\/ersaspen.com.tr\/?page_id=11960"},"modified":"2025-11-27T08:51:42","modified_gmt":"2025-11-27T08:51:42","slug":"pencere-ve-kapi-sistemleri","status":"publish","type":"page","link":"https:\/\/ersaspen.com.tr\/en\/pencere-ve-kapi-sistemleri\/","title":{"rendered":"Pencere ve Kap\u0131 Sistemleri"},"content":{"rendered":"<div data-elementor-type=\"wp-page\" data-elementor-id=\"11960\" class=\"elementor elementor-11960\">\n\t\t\t\t<div class=\"elementor-element elementor-element-6458d41 e-flex e-con-boxed e-con e-parent\" data-id=\"6458d41\" data-element_type=\"container\" data-settings=\"{&quot;background_background&quot;:&quot;classic&quot;}\">\n\t\t\t\t\t<div class=\"e-con-inner\">\n\t\t\t\t<div class=\"elementor-element elementor-element-84ce25e elementor-widget elementor-widget-heading\" data-id=\"84ce25e\" data-element_type=\"widget\" data-widget_type=\"heading.default\">\n\t\t\t\t<div class=\"elementor-widget-container\">\n\t\t\t\t\t<h2 class=\"elementor-heading-title elementor-size-default\">Pencere ve Kap\u0131 Sistemlerimiz<\/h2>\t\t\t\t<\/div>\n\t\t\t\t<\/div>\n\t\t\t\t\t<\/div>\n\t\t\t\t<\/div>\n\t\t<div class=\"elementor-element elementor-element-d55bb39 e-flex e-con-boxed e-con e-parent\" data-id=\"d55bb39\" data-element_type=\"container\">\n\t\t\t\t\t<div class=\"e-con-inner\">\n\t\t<div class=\"elementor-element elementor-element-24cf95c e-con-full e-flex e-con e-child\" data-id=\"24cf95c\" data-element_type=\"container\">\n\t\t\t\t<div class=\"elementor-element elementor-element-dd8b145 elementor-widget elementor-widget-text-editor\" data-id=\"dd8b145\" data-element_type=\"widget\" data-widget_type=\"text-editor.default\">\n\t\t\t\t<div class=\"elementor-widget-container\">\n\t\t\t\t\t\t\t\t\t<p>Ersa\u015f Pen pencere ve kap\u0131 sistemleri; mimari \u00e7izgilerle uyumlu tasar\u0131mlar\u0131, y\u00fcksek yal\u0131t\u0131m performans\u0131 ve uzun \u00f6m\u00fcrl\u00fc yap\u0131s\u0131yla fark yarat\u0131r. Sadece bir \u00fcr\u00fcn de\u011fil; bir ya\u015fam standard\u0131d\u0131r. Her sistem, kullan\u0131c\u0131ya maksimum konfor, minimum enerji kayb\u0131 ve estetik b\u00fct\u00fcnl\u00fck sunmak i\u00e7in tasarlan\u0131r. Kur\u015funsuz \u00fcretim, geri d\u00f6n\u00fc\u015ft\u00fcr\u00fclebilir malzeme, y\u00fcksek \u0131s\u0131 ve ses yal\u0131t\u0131m\u0131 \u2013 hepsi ayn\u0131 ama\u00e7 i\u00e7in: Daha iyi bir ya\u015fam, daha s\u00fcrd\u00fcr\u00fclebilir bir gelecek.<\/p><p>\u201cBir pencereyi a\u00e7t\u0131\u011f\u0131n\u0131zda, sadece \u0131\u015f\u0131k de\u011fil; ya\u015fam kalitesi de i\u00e7eri girsin.\u201d\u00a0<\/p>\t\t\t\t\t\t\t\t<\/div>\n\t\t\t\t<\/div>\n\t\t\t\t<\/div>\n\t\t\t\t\t<\/div>\n\t\t\t\t<\/div>\n\t\t<div class=\"elementor-element elementor-element-145c565 e-flex e-con-boxed e-con e-parent\" data-id=\"145c565\" data-element_type=\"container\">\n\t\t\t\t\t<div class=\"e-con-inner\">\n\t\t<div class=\"elementor-element elementor-element-5e23a84 e-con-full e-flex e-con e-child\" data-id=\"5e23a84\" data-element_type=\"container\">\n\t\t\t\t<div class=\"elementor-element elementor-element-e46a12d elementor-widget elementor-widget-image\" data-id=\"e46a12d\" data-element_type=\"widget\" data-widget_type=\"image.default\">\n\t\t\t\t<div class=\"elementor-widget-container\">\n\t\t\t\t\t\t\t\t\t\t\t\t\t\t\t<img fetchpriority=\"high\" decoding=\"async\" width=\"640\" height=\"427\" src=\"https:\/\/ersaspen.com.tr\/wp-content\/uploads\/2025\/11\/portrait-long-haired-woman-wearing-white-cotton-t-shirt-1024x683.jpg\" class=\"attachment-large size-large wp-image-11721\" alt=\"\" srcset=\"https:\/\/ersaspen.com.tr\/wp-content\/uploads\/2025\/11\/portrait-long-haired-woman-wearing-white-cotton-t-shirt-1024x683.jpg 1024w, https:\/\/ersaspen.com.tr\/wp-content\/uploads\/2025\/11\/portrait-long-haired-woman-wearing-white-cotton-t-shirt-300x200.jpg 300w, https:\/\/ersaspen.com.tr\/wp-content\/uploads\/2025\/11\/portrait-long-haired-woman-wearing-white-cotton-t-shirt-768x512.jpg 768w, https:\/\/ersaspen.com.tr\/wp-content\/uploads\/2025\/11\/portrait-long-haired-woman-wearing-white-cotton-t-shirt-1536x1024.jpg 1536w, https:\/\/ersaspen.com.tr\/wp-content\/uploads\/2025\/11\/portrait-long-haired-woman-wearing-white-cotton-t-shirt-2048x1365.jpg 2048w, https:\/\/ersaspen.com.tr\/wp-content\/uploads\/2025\/11\/portrait-long-haired-woman-wearing-white-cotton-t-shirt-18x12.jpg 18w, https:\/\/ersaspen.com.tr\/wp-content\/uploads\/2025\/11\/portrait-long-haired-woman-wearing-white-cotton-t-shirt-200x133.jpg 200w\" sizes=\"(max-width: 640px) 100vw, 640px\" \/>\t\t\t\t\t\t\t\t\t\t\t\t\t\t\t<\/div>\n\t\t\t\t<\/div>\n\t\t\t\t<div class=\"elementor-element elementor-element-4256680 elementor-align-center elementor-widget elementor-widget-elementskit-button\" data-id=\"4256680\" data-element_type=\"widget\" data-widget_type=\"elementskit-button.default\">\n\t\t\t\t<div class=\"elementor-widget-container\">\n\t\t\t\t\t<div class=\"ekit-wid-con\" >\t\t<div class=\"ekit-btn-wraper\">\n\t\t\t\t\t\t\t<a href=\"https:\/\/ersaspen.com.tr\/en\/insula-85\/\" class=\"elementskit-btn  whitespace--normal\" id=\"\">\n\t\t\t\t\tINSULA 85\t\t\t\t<\/a>\n\t\t\t\t\t<\/div>\n        <\/div>\t\t\t\t<\/div>\n\t\t\t\t<\/div>\n\t\t\t\t<\/div>\n\t\t<div class=\"elementor-element elementor-element-9947511 e-con-full e-flex e-con e-child\" data-id=\"9947511\" data-element_type=\"container\">\n\t\t\t\t<div class=\"elementor-element elementor-element-4c889b5 elementor-widget elementor-widget-image\" data-id=\"4c889b5\" data-element_type=\"widget\" data-widget_type=\"image.default\">\n\t\t\t\t<div class=\"elementor-widget-container\">\n\t\t\t\t\t\t\t\t\t\t\t\t\t\t\t<img decoding=\"async\" width=\"640\" height=\"427\" src=\"https:\/\/ersaspen.com.tr\/wp-content\/uploads\/2025\/11\/mother-son-looking-window-min-1024x683.jpg\" class=\"attachment-large size-large wp-image-11964\" alt=\"\" srcset=\"https:\/\/ersaspen.com.tr\/wp-content\/uploads\/2025\/11\/mother-son-looking-window-min-1024x683.jpg 1024w, https:\/\/ersaspen.com.tr\/wp-content\/uploads\/2025\/11\/mother-son-looking-window-min-300x200.jpg 300w, https:\/\/ersaspen.com.tr\/wp-content\/uploads\/2025\/11\/mother-son-looking-window-min-768x512.jpg 768w, https:\/\/ersaspen.com.tr\/wp-content\/uploads\/2025\/11\/mother-son-looking-window-min-1536x1024.jpg 1536w, https:\/\/ersaspen.com.tr\/wp-content\/uploads\/2025\/11\/mother-son-looking-window-min-2048x1365.jpg 2048w, https:\/\/ersaspen.com.tr\/wp-content\/uploads\/2025\/11\/mother-son-looking-window-min-18x12.jpg 18w, https:\/\/ersaspen.com.tr\/wp-content\/uploads\/2025\/11\/mother-son-looking-window-min-200x133.jpg 200w\" sizes=\"(max-width: 640px) 100vw, 640px\" \/>\t\t\t\t\t\t\t\t\t\t\t\t\t\t\t<\/div>\n\t\t\t\t<\/div>\n\t\t\t\t<div class=\"elementor-element elementor-element-45894b2 elementor-align-center elementor-widget elementor-widget-elementskit-button\" data-id=\"45894b2\" data-element_type=\"widget\" data-widget_type=\"elementskit-button.default\">\n\t\t\t\t<div class=\"elementor-widget-container\">\n\t\t\t\t\t<div class=\"ekit-wid-con\" >\t\t<div class=\"ekit-btn-wraper\">\n\t\t\t\t\t\t\t<a class=\"elementskit-btn  whitespace--normal\" id=\"\">\n\t\t\t\t\tVENTURI 76\t\t\t\t<\/a>\n\t\t\t\t\t<\/div>\n        <\/div>\t\t\t\t<\/div>\n\t\t\t\t<\/div>\n\t\t\t\t<\/div>\n\t\t<div class=\"elementor-element elementor-element-0a36a0b e-con-full e-flex e-con e-child\" data-id=\"0a36a0b\" data-element_type=\"container\">\n\t\t\t\t<div class=\"elementor-element elementor-element-ddcb9e5 elementor-widget elementor-widget-image\" data-id=\"ddcb9e5\" data-element_type=\"widget\" data-widget_type=\"image.default\">\n\t\t\t\t<div class=\"elementor-widget-container\">\n\t\t\t\t\t\t\t\t\t\t\t\t\t\t\t<img decoding=\"async\" width=\"640\" height=\"464\" src=\"https:\/\/ersaspen.com.tr\/wp-content\/uploads\/2025\/11\/children-play-house-homely-atmosphere-siblings-spend-time-together-min-scaled-e1764233286174-1024x742.jpg\" class=\"attachment-large size-large wp-image-11966\" alt=\"\" srcset=\"https:\/\/ersaspen.com.tr\/wp-content\/uploads\/2025\/11\/children-play-house-homely-atmosphere-siblings-spend-time-together-min-scaled-e1764233286174-1024x742.jpg 1024w, https:\/\/ersaspen.com.tr\/wp-content\/uploads\/2025\/11\/children-play-house-homely-atmosphere-siblings-spend-time-together-min-scaled-e1764233286174-300x217.jpg 300w, https:\/\/ersaspen.com.tr\/wp-content\/uploads\/2025\/11\/children-play-house-homely-atmosphere-siblings-spend-time-together-min-scaled-e1764233286174-768x557.jpg 768w, https:\/\/ersaspen.com.tr\/wp-content\/uploads\/2025\/11\/children-play-house-homely-atmosphere-siblings-spend-time-together-min-scaled-e1764233286174-1536x1113.jpg 1536w, https:\/\/ersaspen.com.tr\/wp-content\/uploads\/2025\/11\/children-play-house-homely-atmosphere-siblings-spend-time-together-min-scaled-e1764233286174-18x12.jpg 18w, https:\/\/ersaspen.com.tr\/wp-content\/uploads\/2025\/11\/children-play-house-homely-atmosphere-siblings-spend-time-together-min-scaled-e1764233286174-379x276.jpg 379w, https:\/\/ersaspen.com.tr\/wp-content\/uploads\/2025\/11\/children-play-house-homely-atmosphere-siblings-spend-time-together-min-scaled-e1764233286174-200x145.jpg 200w, https:\/\/ersaspen.com.tr\/wp-content\/uploads\/2025\/11\/children-play-house-homely-atmosphere-siblings-spend-time-together-min-scaled-e1764233286174.jpg 1707w\" sizes=\"(max-width: 640px) 100vw, 640px\" \/>\t\t\t\t\t\t\t\t\t\t\t\t\t\t\t<\/div>\n\t\t\t\t<\/div>\n\t\t\t\t<div class=\"elementor-element elementor-element-2bdbb85 elementor-align-center elementor-widget elementor-widget-elementskit-button\" data-id=\"2bdbb85\" data-element_type=\"widget\" data-widget_type=\"elementskit-button.default\">\n\t\t\t\t<div class=\"elementor-widget-container\">\n\t\t\t\t\t<div class=\"ekit-wid-con\" >\t\t<div class=\"ekit-btn-wraper\">\n\t\t\t\t\t\t\t<a href=\"https:\/\/ersaspen.com.tr\/en\/luna-71-plus\/\" class=\"elementskit-btn  whitespace--normal\" id=\"\">\n\t\t\t\t\tLUNA 71 PLUS\t\t\t\t<\/a>\n\t\t\t\t\t<\/div>\n        <\/div>\t\t\t\t<\/div>\n\t\t\t\t<\/div>\n\t\t\t\t<\/div>\n\t\t<div class=\"elementor-element elementor-element-86c6b3c e-con-full e-flex e-con e-child\" data-id=\"86c6b3c\" data-element_type=\"container\">\n\t\t\t\t<div class=\"elementor-element elementor-element-8c4aa34 elementor-widget elementor-widget-image\" data-id=\"8c4aa34\" data-element_type=\"widget\" data-widget_type=\"image.default\">\n\t\t\t\t<div class=\"elementor-widget-container\">\n\t\t\t\t\t\t\t\t\t\t\t\t\t\t\t<img loading=\"lazy\" decoding=\"async\" width=\"640\" height=\"427\" src=\"https:\/\/ersaspen.com.tr\/wp-content\/uploads\/2025\/11\/young-woman-drawing-home-near-window-min-1024x683.jpg\" class=\"attachment-large size-large wp-image-11965\" alt=\"\" srcset=\"https:\/\/ersaspen.com.tr\/wp-content\/uploads\/2025\/11\/young-woman-drawing-home-near-window-min-1024x683.jpg 1024w, https:\/\/ersaspen.com.tr\/wp-content\/uploads\/2025\/11\/young-woman-drawing-home-near-window-min-300x200.jpg 300w, https:\/\/ersaspen.com.tr\/wp-content\/uploads\/2025\/11\/young-woman-drawing-home-near-window-min-768x512.jpg 768w, https:\/\/ersaspen.com.tr\/wp-content\/uploads\/2025\/11\/young-woman-drawing-home-near-window-min-1536x1024.jpg 1536w, https:\/\/ersaspen.com.tr\/wp-content\/uploads\/2025\/11\/young-woman-drawing-home-near-window-min-2048x1365.jpg 2048w, https:\/\/ersaspen.com.tr\/wp-content\/uploads\/2025\/11\/young-woman-drawing-home-near-window-min-18x12.jpg 18w, https:\/\/ersaspen.com.tr\/wp-content\/uploads\/2025\/11\/young-woman-drawing-home-near-window-min-200x133.jpg 200w\" sizes=\"(max-width: 640px) 100vw, 640px\" \/>\t\t\t\t\t\t\t\t\t\t\t\t\t\t\t<\/div>\n\t\t\t\t<\/div>\n\t\t\t\t<div class=\"elementor-element elementor-element-9fef6f2 elementor-align-center elementor-widget elementor-widget-elementskit-button\" data-id=\"9fef6f2\" data-element_type=\"widget\" data-widget_type=\"elementskit-button.default\">\n\t\t\t\t<div class=\"elementor-widget-container\">\n\t\t\t\t\t<div class=\"ekit-wid-con\" >\t\t<div class=\"ekit-btn-wraper\">\n\t\t\t\t\t\t\t<a href=\"https:\/\/ersaspen.com.tr\/en\/luna-71\/\" class=\"elementskit-btn  whitespace--normal\" id=\"\">\n\t\t\t\t\tLUNA 71\t\t\t\t<\/a>\n\t\t\t\t\t<\/div>\n        <\/div>\t\t\t\t<\/div>\n\t\t\t\t<\/div>\n\t\t\t\t<\/div>\n\t\t<div class=\"elementor-element elementor-element-8fed373 e-con-full e-flex e-con e-child\" data-id=\"8fed373\" data-element_type=\"container\">\n\t\t\t\t<div class=\"elementor-element elementor-element-b3b2f20 elementor-widget elementor-widget-image\" data-id=\"b3b2f20\" data-element_type=\"widget\" data-widget_type=\"image.default\">\n\t\t\t\t<div class=\"elementor-widget-container\">\n\t\t\t\t\t\t\t\t\t\t\t\t\t\t\t<img loading=\"lazy\" decoding=\"async\" width=\"640\" height=\"427\" src=\"https:\/\/ersaspen.com.tr\/wp-content\/uploads\/2025\/11\/woman-holds-child-her-arms-hugs-her-mother-white-shirt-is-playing-with-her-daughter-family-has-fun-weekends-min-1024x683.jpg\" class=\"attachment-large size-large wp-image-11967\" alt=\"\" srcset=\"https:\/\/ersaspen.com.tr\/wp-content\/uploads\/2025\/11\/woman-holds-child-her-arms-hugs-her-mother-white-shirt-is-playing-with-her-daughter-family-has-fun-weekends-min-1024x683.jpg 1024w, https:\/\/ersaspen.com.tr\/wp-content\/uploads\/2025\/11\/woman-holds-child-her-arms-hugs-her-mother-white-shirt-is-playing-with-her-daughter-family-has-fun-weekends-min-300x200.jpg 300w, https:\/\/ersaspen.com.tr\/wp-content\/uploads\/2025\/11\/woman-holds-child-her-arms-hugs-her-mother-white-shirt-is-playing-with-her-daughter-family-has-fun-weekends-min-768x512.jpg 768w, https:\/\/ersaspen.com.tr\/wp-content\/uploads\/2025\/11\/woman-holds-child-her-arms-hugs-her-mother-white-shirt-is-playing-with-her-daughter-family-has-fun-weekends-min-1536x1024.jpg 1536w, https:\/\/ersaspen.com.tr\/wp-content\/uploads\/2025\/11\/woman-holds-child-her-arms-hugs-her-mother-white-shirt-is-playing-with-her-daughter-family-has-fun-weekends-min-2048x1365.jpg 2048w, https:\/\/ersaspen.com.tr\/wp-content\/uploads\/2025\/11\/woman-holds-child-her-arms-hugs-her-mother-white-shirt-is-playing-with-her-daughter-family-has-fun-weekends-min-18x12.jpg 18w, https:\/\/ersaspen.com.tr\/wp-content\/uploads\/2025\/11\/woman-holds-child-her-arms-hugs-her-mother-white-shirt-is-playing-with-her-daughter-family-has-fun-weekends-min-200x133.jpg 200w\" sizes=\"(max-width: 640px) 100vw, 640px\" \/>\t\t\t\t\t\t\t\t\t\t\t\t\t\t\t<\/div>\n\t\t\t\t<\/div>\n\t\t\t\t<div class=\"elementor-element elementor-element-cac651e elementor-align-center elementor-widget elementor-widget-elementskit-button\" data-id=\"cac651e\" data-element_type=\"widget\" data-widget_type=\"elementskit-button.default\">\n\t\t\t\t<div class=\"elementor-widget-container\">\n\t\t\t\t\t<div class=\"ekit-wid-con\" >\t\t<div class=\"ekit-btn-wraper\">\n\t\t\t\t\t\t\t<a href=\"https:\/\/ersaspen.com.tr\/en\/class-61\/\" class=\"elementskit-btn  whitespace--normal\" id=\"\">\n\t\t\t\t\tCLASS 61\t\t\t\t<\/a>\n\t\t\t\t\t<\/div>\n        <\/div>\t\t\t\t<\/div>\n\t\t\t\t<\/div>\n\t\t\t\t<\/div>\n\t\t\t\t\t<\/div>\n\t\t\t\t<\/div>\n\t\t\t\t<\/div>","protected":false},"excerpt":{"rendered":"<p>Pencere ve Kap\u0131 Sistemlerimiz Ersa\u015f Pen pencere ve kap\u0131 sistemleri; mimari \u00e7izgilerle uyumlu tasar\u0131mlar\u0131, y\u00fcksek yal\u0131t\u0131m performans\u0131 ve uzun \u00f6m\u00fcrl\u00fc yap\u0131s\u0131yla fark yarat\u0131r. Sadece bir \u00fcr\u00fcn de\u011fil; bir ya\u015fam standard\u0131d\u0131r. Her sistem, kullan\u0131c\u0131ya maksimum konfor, minimum enerji kayb\u0131 ve estetik b\u00fct\u00fcnl\u00fck sunmak i\u00e7in tasarlan\u0131r. Kur\u015funsuz \u00fcretim, geri d\u00f6n\u00fc\u015ft\u00fcr\u00fclebilir malzeme, y\u00fcksek \u0131s\u0131 ve ses yal\u0131t\u0131m\u0131 \u2013&#8230;<\/p>","protected":false},"author":1,"featured_media":0,"parent":0,"menu_order":0,"comment_status":"closed","ping_status":"closed","template":"","meta":{"inline_featured_image":false,"footnotes":""},"class_list":["post-11960","page","type-page","status-publish","hentry"],"yoast_head":"<!-- This site is optimized with the Yoast SEO plugin v24.1 - https:\/\/yoast.com\/wordpress\/plugins\/seo\/ -->\n<title>Pencere ve Kap\u0131 Sistemleri -<\/title>\n<meta name=\"robots\" content=\"index, follow, max-snippet:-1, max-image-preview:large, max-video-preview:-1\" \/>\n<link rel=\"canonical\" href=\"https:\/\/ersaspen.com.tr\/en\/pencere-ve-kapi-sistemleri\/\" \/>\n<meta property=\"og:locale\" content=\"en_US\" \/>\n<meta property=\"og:type\" content=\"article\" \/>\n<meta property=\"og:title\" content=\"Pencere ve Kap\u0131 Sistemleri -\" \/>\n<meta property=\"og:description\" content=\"Pencere ve Kap\u0131 Sistemlerimiz Ersa\u015f Pen pencere ve kap\u0131 sistemleri; mimari \u00e7izgilerle uyumlu tasar\u0131mlar\u0131, y\u00fcksek yal\u0131t\u0131m performans\u0131 ve uzun \u00f6m\u00fcrl\u00fc yap\u0131s\u0131yla fark yarat\u0131r. Sadece bir \u00fcr\u00fcn de\u011fil; bir ya\u015fam standard\u0131d\u0131r. Her sistem, kullan\u0131c\u0131ya maksimum konfor, minimum enerji kayb\u0131 ve estetik b\u00fct\u00fcnl\u00fck sunmak i\u00e7in tasarlan\u0131r. Kur\u015funsuz \u00fcretim, geri d\u00f6n\u00fc\u015ft\u00fcr\u00fclebilir malzeme, y\u00fcksek \u0131s\u0131 ve ses yal\u0131t\u0131m\u0131 \u2013...\" \/>\n<meta property=\"og:url\" content=\"https:\/\/ersaspen.com.tr\/en\/pencere-ve-kapi-sistemleri\/\" \/>\n<meta property=\"article:modified_time\" content=\"2025-11-27T08:51:42+00:00\" \/>\n<meta property=\"og:image\" content=\"https:\/\/ersaspen.com.tr\/wp-content\/uploads\/2025\/11\/portrait-long-haired-woman-wearing-white-cotton-t-shirt-scaled.jpg\" \/>\n\t<meta property=\"og:image:width\" content=\"2560\" \/>\n\t<meta property=\"og:image:height\" content=\"1707\" \/>\n\t<meta property=\"og:image:type\" content=\"image\/jpeg\" \/>\n<meta name=\"twitter:card\" content=\"summary_large_image\" \/>\n<meta name=\"twitter:label1\" content=\"Est. reading time\" \/>\n\t<meta name=\"twitter:data1\" content=\"2 minutes\" \/>\n<script type=\"application\/ld+json\" class=\"yoast-schema-graph\">{\"@context\":\"https:\/\/schema.org\",\"@graph\":[{\"@type\":\"WebPage\",\"@id\":\"https:\/\/ersaspen.com.tr\/pencere-ve-kapi-sistemleri\/\",\"url\":\"https:\/\/ersaspen.com.tr\/pencere-ve-kapi-sistemleri\/\",\"name\":\"Pencere ve Kap\u0131 Sistemleri -\",\"isPartOf\":{\"@id\":\"https:\/\/ersaspen.com.tr\/#website\"},\"primaryImageOfPage\":{\"@id\":\"https:\/\/ersaspen.com.tr\/pencere-ve-kapi-sistemleri\/#primaryimage\"},\"image\":{\"@id\":\"https:\/\/ersaspen.com.tr\/pencere-ve-kapi-sistemleri\/#primaryimage\"},\"thumbnailUrl\":\"https:\/\/ersaspen.com.tr\/wp-content\/uploads\/2025\/11\/portrait-long-haired-woman-wearing-white-cotton-t-shirt-1024x683.jpg\",\"datePublished\":\"2025-11-27T08:50:31+00:00\",\"dateModified\":\"2025-11-27T08:51:42+00:00\",\"breadcrumb\":{\"@id\":\"https:\/\/ersaspen.com.tr\/pencere-ve-kapi-sistemleri\/#breadcrumb\"},\"inLanguage\":\"en-US\",\"potentialAction\":[{\"@type\":\"ReadAction\",\"target\":[\"https:\/\/ersaspen.com.tr\/pencere-ve-kapi-sistemleri\/\"]}]},{\"@type\":\"ImageObject\",\"inLanguage\":\"en-US\",\"@id\":\"https:\/\/ersaspen.com.tr\/pencere-ve-kapi-sistemleri\/#primaryimage\",\"url\":\"https:\/\/ersaspen.com.tr\/wp-content\/uploads\/2025\/11\/portrait-long-haired-woman-wearing-white-cotton-t-shirt-1024x683.jpg\",\"contentUrl\":\"https:\/\/ersaspen.com.tr\/wp-content\/uploads\/2025\/11\/portrait-long-haired-woman-wearing-white-cotton-t-shirt-1024x683.jpg\"},{\"@type\":\"BreadcrumbList\",\"@id\":\"https:\/\/ersaspen.com.tr\/pencere-ve-kapi-sistemleri\/#breadcrumb\",\"itemListElement\":[{\"@type\":\"ListItem\",\"position\":1,\"name\":\"Anasayfa\",\"item\":\"https:\/\/ersaspen.com.tr\/\"},{\"@type\":\"ListItem\",\"position\":2,\"name\":\"Pencere ve Kap\u0131 Sistemleri\"}]},{\"@type\":\"WebSite\",\"@id\":\"https:\/\/ersaspen.com.tr\/#website\",\"url\":\"https:\/\/ersaspen.com.tr\/\",\"name\":\"Ersa\u015fpen\",\"description\":\"\",\"publisher\":{\"@id\":\"https:\/\/ersaspen.com.tr\/#organization\"},\"potentialAction\":[{\"@type\":\"SearchAction\",\"target\":{\"@type\":\"EntryPoint\",\"urlTemplate\":\"https:\/\/ersaspen.com.tr\/?s={search_term_string}\"},\"query-input\":{\"@type\":\"PropertyValueSpecification\",\"valueRequired\":true,\"valueName\":\"search_term_string\"}}],\"inLanguage\":\"en-US\"},{\"@type\":\"Organization\",\"@id\":\"https:\/\/ersaspen.com.tr\/#organization\",\"name\":\"Ersa\u015fpen\",\"url\":\"https:\/\/ersaspen.com.tr\/\",\"logo\":{\"@type\":\"ImageObject\",\"inLanguage\":\"en-US\",\"@id\":\"https:\/\/ersaspen.com.tr\/#\/schema\/logo\/image\/\",\"url\":\"https:\/\/ersaspen.com.tr\/wp-content\/uploads\/2024\/03\/ERSAS_PEN_LOGO.svg\",\"contentUrl\":\"https:\/\/ersaspen.com.tr\/wp-content\/uploads\/2024\/03\/ERSAS_PEN_LOGO.svg\",\"width\":401,\"height\":73,\"caption\":\"Ersa\u015fpen\"},\"image\":{\"@id\":\"https:\/\/ersaspen.com.tr\/#\/schema\/logo\/image\/\"}}]}<\/script>\n<!-- \/ Yoast SEO plugin. -->","yoast_head_json":{"title":"Pencere ve Kap\u0131 Sistemleri -","robots":{"index":"index","follow":"follow","max-snippet":"max-snippet:-1","max-image-preview":"max-image-preview:large","max-video-preview":"max-video-preview:-1"},"canonical":"https:\/\/ersaspen.com.tr\/en\/pencere-ve-kapi-sistemleri\/","og_locale":"en_US","og_type":"article","og_title":"Pencere ve Kap\u0131 Sistemleri -","og_description":"Pencere ve Kap\u0131 Sistemlerimiz Ersa\u015f Pen pencere ve kap\u0131 sistemleri; mimari \u00e7izgilerle uyumlu tasar\u0131mlar\u0131, y\u00fcksek yal\u0131t\u0131m performans\u0131 ve uzun \u00f6m\u00fcrl\u00fc yap\u0131s\u0131yla fark yarat\u0131r. Sadece bir \u00fcr\u00fcn de\u011fil; bir ya\u015fam standard\u0131d\u0131r. Her sistem, kullan\u0131c\u0131ya maksimum konfor, minimum enerji kayb\u0131 ve estetik b\u00fct\u00fcnl\u00fck sunmak i\u00e7in tasarlan\u0131r. Kur\u015funsuz \u00fcretim, geri d\u00f6n\u00fc\u015ft\u00fcr\u00fclebilir malzeme, y\u00fcksek \u0131s\u0131 ve ses yal\u0131t\u0131m\u0131 \u2013...","og_url":"https:\/\/ersaspen.com.tr\/en\/pencere-ve-kapi-sistemleri\/","article_modified_time":"2025-11-27T08:51:42+00:00","og_image":[{"width":2560,"height":1707,"url":"https:\/\/ersaspen.com.tr\/wp-content\/uploads\/2025\/11\/portrait-long-haired-woman-wearing-white-cotton-t-shirt-scaled.jpg","type":"image\/jpeg"}],"twitter_card":"summary_large_image","twitter_misc":{"Est. reading time":"2 minutes"},"schema":{"@context":"https:\/\/schema.org","@graph":[{"@type":"WebPage","@id":"https:\/\/ersaspen.com.tr\/pencere-ve-kapi-sistemleri\/","url":"https:\/\/ersaspen.com.tr\/pencere-ve-kapi-sistemleri\/","name":"Pencere ve Kap\u0131 Sistemleri -","isPartOf":{"@id":"https:\/\/ersaspen.com.tr\/#website"},"primaryImageOfPage":{"@id":"https:\/\/ersaspen.com.tr\/pencere-ve-kapi-sistemleri\/#primaryimage"},"image":{"@id":"https:\/\/ersaspen.com.tr\/pencere-ve-kapi-sistemleri\/#primaryimage"},"thumbnailUrl":"https:\/\/ersaspen.com.tr\/wp-content\/uploads\/2025\/11\/portrait-long-haired-woman-wearing-white-cotton-t-shirt-1024x683.jpg","datePublished":"2025-11-27T08:50:31+00:00","dateModified":"2025-11-27T08:51:42+00:00","breadcrumb":{"@id":"https:\/\/ersaspen.com.tr\/pencere-ve-kapi-sistemleri\/#breadcrumb"},"inLanguage":"en-US","potentialAction":[{"@type":"ReadAction","target":["https:\/\/ersaspen.com.tr\/pencere-ve-kapi-sistemleri\/"]}]},{"@type":"ImageObject","inLanguage":"en-US","@id":"https:\/\/ersaspen.com.tr\/pencere-ve-kapi-sistemleri\/#primaryimage","url":"https:\/\/ersaspen.com.tr\/wp-content\/uploads\/2025\/11\/portrait-long-haired-woman-wearing-white-cotton-t-shirt-1024x683.jpg","contentUrl":"https:\/\/ersaspen.com.tr\/wp-content\/uploads\/2025\/11\/portrait-long-haired-woman-wearing-white-cotton-t-shirt-1024x683.jpg"},{"@type":"BreadcrumbList","@id":"https:\/\/ersaspen.com.tr\/pencere-ve-kapi-sistemleri\/#breadcrumb","itemListElement":[{"@type":"ListItem","position":1,"name":"Anasayfa","item":"https:\/\/ersaspen.com.tr\/"},{"@type":"ListItem","position":2,"name":"Pencere ve Kap\u0131 Sistemleri"}]},{"@type":"WebSite","@id":"https:\/\/ersaspen.com.tr\/#website","url":"https:\/\/ersaspen.com.tr\/","name":"Ersa\u015fpen","description":"","publisher":{"@id":"https:\/\/ersaspen.com.tr\/#organization"},"potentialAction":[{"@type":"SearchAction","target":{"@type":"EntryPoint","urlTemplate":"https:\/\/ersaspen.com.tr\/?s={search_term_string}"},"query-input":{"@type":"PropertyValueSpecification","valueRequired":true,"valueName":"search_term_string"}}],"inLanguage":"en-US"},{"@type":"Organization","@id":"https:\/\/ersaspen.com.tr\/#organization","name":"Ersa\u015fpen","url":"https:\/\/ersaspen.com.tr\/","logo":{"@type":"ImageObject","inLanguage":"en-US","@id":"https:\/\/ersaspen.com.tr\/#\/schema\/logo\/image\/","url":"https:\/\/ersaspen.com.tr\/wp-content\/uploads\/2024\/03\/ERSAS_PEN_LOGO.svg","contentUrl":"https:\/\/ersaspen.com.tr\/wp-content\/uploads\/2024\/03\/ERSAS_PEN_LOGO.svg","width":401,"height":73,"caption":"Ersa\u015fpen"},"image":{"@id":"https:\/\/ersaspen.com.tr\/#\/schema\/logo\/image\/"}}]}},"_links":{"self":[{"href":"https:\/\/ersaspen.com.tr\/en\/wp-json\/wp\/v2\/pages\/11960","targetHints":{"allow":["GET"]}}],"collection":[{"href":"https:\/\/ersaspen.com.tr\/en\/wp-json\/wp\/v2\/pages"}],"about":[{"href":"https:\/\/ersaspen.com.tr\/en\/wp-json\/wp\/v2\/types\/page"}],"author":[{"embeddable":true,"href":"https:\/\/ersaspen.com.tr\/en\/wp-json\/wp\/v2\/users\/1"}],"replies":[{"embeddable":true,"href":"https:\/\/ersaspen.com.tr\/en\/wp-json\/wp\/v2\/comments?post=11960"}],"version-history":[{"count":7,"href":"https:\/\/ersaspen.com.tr\/en\/wp-json\/wp\/v2\/pages\/11960\/revisions"}],"predecessor-version":[{"id":11973,"href":"https:\/\/ersaspen.com.tr\/en\/wp-json\/wp\/v2\/pages\/11960\/revisions\/11973"}],"wp:attachment":[{"href":"https:\/\/ersaspen.com.tr\/en\/wp-json\/wp\/v2\/media?parent=11960"}],"curies":[{"name":"wp","href":"https:\/\/api.w.org\/{rel}","templated":true}]}}