{"id":12030,"date":"2026-03-18T06:50:09","date_gmt":"2026-03-18T06:50:09","guid":{"rendered":"https:\/\/ersaspen.com.tr\/?page_id=12030"},"modified":"2026-03-18T07:00:43","modified_gmt":"2026-03-18T07:00:43","slug":"entegre-yonetim-sistemi-politikamiz","status":"publish","type":"page","link":"https:\/\/ersaspen.com.tr\/en\/entegre-yonetim-sistemi-politikamiz\/","title":{"rendered":"Entegre Y\u00f6netim Sistemi Politikam\u0131z"},"content":{"rendered":"<div data-elementor-type=\"wp-page\" data-elementor-id=\"12030\" class=\"elementor elementor-12030\">\n\t\t\t\t<div class=\"elementor-element elementor-element-6cde52c e-flex e-con-boxed e-con e-parent\" data-id=\"6cde52c\" data-element_type=\"container\">\n\t\t\t\t\t<div class=\"e-con-inner\">\n\t\t\t\t<div class=\"elementor-element elementor-element-46e2cfa elementor-widget elementor-widget-image\" data-id=\"46e2cfa\" data-element_type=\"widget\" data-widget_type=\"image.default\">\n\t\t\t\t<div class=\"elementor-widget-container\">\n\t\t\t\t\t\t\t\t\t\t\t\t\t\t\t<img fetchpriority=\"high\" decoding=\"async\" width=\"640\" height=\"431\" src=\"https:\/\/ersaspen.com.tr\/wp-content\/uploads\/2025\/01\/Surdurulebilirlik-Banner-e1764154015709-768x517.webp\" class=\"attachment-medium_large size-medium_large wp-image-11418\" alt=\"\" srcset=\"https:\/\/ersaspen.com.tr\/wp-content\/uploads\/2025\/01\/Surdurulebilirlik-Banner-e1764154015709-768x517.webp 768w, https:\/\/ersaspen.com.tr\/wp-content\/uploads\/2025\/01\/Surdurulebilirlik-Banner-e1764154015709-300x202.webp 300w, https:\/\/ersaspen.com.tr\/wp-content\/uploads\/2025\/01\/Surdurulebilirlik-Banner-e1764154015709-18x12.webp 18w, https:\/\/ersaspen.com.tr\/wp-content\/uploads\/2025\/01\/Surdurulebilirlik-Banner-e1764154015709-200x135.webp 200w, https:\/\/ersaspen.com.tr\/wp-content\/uploads\/2025\/01\/Surdurulebilirlik-Banner-e1764154015709.webp 1020w\" sizes=\"(max-width: 640px) 100vw, 640px\" \/>\t\t\t\t\t\t\t\t\t\t\t\t\t\t\t<\/div>\n\t\t\t\t<\/div>\n\t\t\t\t<div class=\"elementor-element elementor-element-8faf891 elementor-widget elementor-widget-heading\" data-id=\"8faf891\" data-element_type=\"widget\" data-widget_type=\"heading.default\">\n\t\t\t\t<div class=\"elementor-widget-container\">\n\t\t\t\t\t<h2 class=\"elementor-heading-title elementor-size-default\">Entegre Y\u00f6netim Sistemi Politikas\u0131<\/h2>\t\t\t\t<\/div>\n\t\t\t\t<\/div>\n\t\t\t\t<div class=\"elementor-element elementor-element-e0b42e2 elementor-widget elementor-widget-text-editor\" data-id=\"e0b42e2\" data-element_type=\"widget\" data-widget_type=\"text-editor.default\">\n\t\t\t\t<div class=\"elementor-widget-container\">\n\t\t\t\t\t\t\t\t\t<ol><li>D\u00fcnya pazar\u0131ndaki rekabetin \u00f6ng\u00f6rd\u00fc\u011f\u00fc ko\u015fulsuz m\u00fc\u015fteri memnuniyeti i\u00e7in y\u00fcksek kalite ve standartlarda PVC profil \u00fcr\u00fcnleri \u00fcretmek.<\/li><li>Ulusal\/ Uluslararas\u0131 yasal d\u00fczenlemelere eksiksiz uymak.<\/li><li>T\u00fcm faaliyetlerimizi insan ve \u00e7evre odakl\u0131 s\u00fcrekli g\u00f6zden ge\u00e7irmek. Faaliyetlerimizden kaynaklanan olumsuz \u00e7evre etkilerini en aza indirmek, i\u015f kazalar\u0131 ve meslek hastal\u0131klar\u0131n\u0131 \u00f6nlemek i\u00e7in gerekli tedbirleri al\u0131p iyile\u015ftirme \u00e7al\u0131\u015fmalar\u0131n\u0131 yapmak.<\/li><li>Entegre Y\u00f6netim Sistemimizi daha verimli ve etkin k\u0131lmak i\u00e7in \u00e7al\u0131\u015fanlar\u0131m\u0131z\u0131n bilin\u00e7 ve sorumlulu\u011funu geli\u015ftirip yayg\u0131nla\u015ft\u0131rmak.<\/li><li>S\u00fcre\u00e7lerimizi risk odakl\u0131 yakla\u015f\u0131m ile y\u00f6netip, s\u00fcrekli iyile\u015ftirmek.<\/li><li>\u00dcr\u00fcn emniyeti ve \u00fcr\u00fcn sorumlulu\u011fu kapsam\u0131nda \u00fcr\u00fcnlerimizin \u00fcretiminde ve kullan\u0131m\u0131nda ortaya \u00e7\u0131kabilecek uygunsuzluklar nedeniyle m\u00fc\u015fteri zinciri i\u00e7inde yer alan t\u00fcm firma ve \u015fah\u0131slar\u0131n \u00fcretim faaliyetlerinin, mallar\u0131n\u0131n ve canlar\u0131n\u0131n zarar g\u00f6rmesini engellemek-en aza indirgemek amac\u0131yla uygulanacak reaksiyonlar\u0131 ve yetki sorumluluklar\u0131 belirlemek.<\/li><li>K\u0131s\u0131tl\u0131 do\u011fal kaynaklar\u0131m\u0131z\u0131 etkin ve verimli kullanmak.<\/li><li>Ya\u015fam d\u00f6ng\u00fcs\u00fc yakla\u015f\u0131m\u0131 ile at\u0131klar\u0131n azalt\u0131lmas\u0131n\u0131, ayr\u0131\u015ft\u0131r\u0131larak yeniden kullan\u0131m\u0131n\u0131, geri d\u00f6n\u00fc\u015f\u00fcm\u00fcn\u00fc ve gerekli olanlar\u0131n yasal bertaraf\u0131n\u0131 sa\u011flamak.<\/li><li>T\u00fcm rakip ve payda\u015flar\u0131m\u0131za \u00f6rnek olmak. Teknolojik geli\u015fmeler, toplumun talep, beklenti ve gereksinimlerini g\u00f6z \u00f6n\u00fcne alarak, politikam\u0131zla birlikte kalite, \u00e7evre ve i\u015f sa\u011fl\u0131\u011f\u0131 i\u015f g\u00fcvenli\u011fi uygulamalar\u0131m\u0131z\u0131 s\u00fcrekli g\u00f6zden ge\u00e7irerek, iyile\u015ftirmek.<\/li><\/ol><p>\u00a0<\/p><p><em>Ersa\u015f Pen Kompozit Profil San. Ve Tic. A.\u015e Ailesi olarak;<\/em><\/p><p><em>Hep birlikte, Hepimiz i\u00e7in, \u00dclkemiz i\u00e7in, D\u00fcnyam\u0131z i\u00e7in\u2026<\/em><br \/><em>S\u00f6z veriyoruz.<\/em><\/p>\t\t\t\t\t\t\t\t<\/div>\n\t\t\t\t<\/div>\n\t\t\t\t\t<\/div>\n\t\t\t\t<\/div>\n\t\t\t\t<\/div>","protected":false},"excerpt":{"rendered":"<p>Entegre Y\u00f6netim Sistemi Politikas\u0131 D\u00fcnya pazar\u0131ndaki rekabetin \u00f6ng\u00f6rd\u00fc\u011f\u00fc ko\u015fulsuz m\u00fc\u015fteri memnuniyeti i\u00e7in y\u00fcksek kalite ve standartlarda PVC profil \u00fcr\u00fcnleri \u00fcretmek. Ulusal\/ Uluslararas\u0131 yasal d\u00fczenlemelere eksiksiz uymak. T\u00fcm faaliyetlerimizi insan ve \u00e7evre odakl\u0131 s\u00fcrekli g\u00f6zden ge\u00e7irmek. Faaliyetlerimizden kaynaklanan olumsuz \u00e7evre etkilerini en aza indirmek, i\u015f kazalar\u0131 ve meslek hastal\u0131klar\u0131n\u0131 \u00f6nlemek i\u00e7in gerekli tedbirleri al\u0131p iyile\u015ftirme \u00e7al\u0131\u015fmalar\u0131n\u0131&#8230;<\/p>","protected":false},"author":1,"featured_media":0,"parent":0,"menu_order":0,"comment_status":"closed","ping_status":"closed","template":"","meta":{"inline_featured_image":false,"footnotes":""},"class_list":["post-12030","page","type-page","status-publish","hentry"],"yoast_head":"<!-- This site is optimized with the Yoast SEO plugin v24.1 - https:\/\/yoast.com\/wordpress\/plugins\/seo\/ -->\n<title>Entegre Y\u00f6netim Sistemi Politikam\u0131z -<\/title>\n<meta name=\"robots\" content=\"index, follow, max-snippet:-1, max-image-preview:large, max-video-preview:-1\" \/>\n<link rel=\"canonical\" href=\"https:\/\/ersaspen.com.tr\/en\/entegre-yonetim-sistemi-politikamiz\/\" \/>\n<meta property=\"og:locale\" content=\"en_US\" \/>\n<meta property=\"og:type\" content=\"article\" \/>\n<meta property=\"og:title\" content=\"Entegre Y\u00f6netim Sistemi Politikam\u0131z -\" \/>\n<meta property=\"og:description\" content=\"Entegre Y\u00f6netim Sistemi Politikas\u0131 D\u00fcnya pazar\u0131ndaki rekabetin \u00f6ng\u00f6rd\u00fc\u011f\u00fc ko\u015fulsuz m\u00fc\u015fteri memnuniyeti i\u00e7in y\u00fcksek kalite ve standartlarda PVC profil \u00fcr\u00fcnleri \u00fcretmek. Ulusal\/ Uluslararas\u0131 yasal d\u00fczenlemelere eksiksiz uymak. T\u00fcm faaliyetlerimizi insan ve \u00e7evre odakl\u0131 s\u00fcrekli g\u00f6zden ge\u00e7irmek. Faaliyetlerimizden kaynaklanan olumsuz \u00e7evre etkilerini en aza indirmek, i\u015f kazalar\u0131 ve meslek hastal\u0131klar\u0131n\u0131 \u00f6nlemek i\u00e7in gerekli tedbirleri al\u0131p iyile\u015ftirme \u00e7al\u0131\u015fmalar\u0131n\u0131...\" \/>\n<meta property=\"og:url\" content=\"https:\/\/ersaspen.com.tr\/en\/entegre-yonetim-sistemi-politikamiz\/\" \/>\n<meta property=\"article:modified_time\" content=\"2026-03-18T07:00:43+00:00\" \/>\n<meta property=\"og:image\" content=\"https:\/\/ersaspen.com.tr\/wp-content\/uploads\/2025\/01\/Surdurulebilirlik-Banner-e1764154015709-768x517.webp\" \/>\n<meta name=\"twitter:card\" content=\"summary_large_image\" \/>\n<meta name=\"twitter:label1\" content=\"Est. reading time\" \/>\n\t<meta name=\"twitter:data1\" content=\"2 minutes\" \/>\n<script type=\"application\/ld+json\" class=\"yoast-schema-graph\">{\"@context\":\"https:\/\/schema.org\",\"@graph\":[{\"@type\":\"WebPage\",\"@id\":\"https:\/\/ersaspen.com.tr\/entegre-yonetim-sistemi-politikamiz\/\",\"url\":\"https:\/\/ersaspen.com.tr\/entegre-yonetim-sistemi-politikamiz\/\",\"name\":\"Entegre Y\u00f6netim Sistemi Politikam\u0131z -\",\"isPartOf\":{\"@id\":\"https:\/\/ersaspen.com.tr\/#website\"},\"primaryImageOfPage\":{\"@id\":\"https:\/\/ersaspen.com.tr\/entegre-yonetim-sistemi-politikamiz\/#primaryimage\"},\"image\":{\"@id\":\"https:\/\/ersaspen.com.tr\/entegre-yonetim-sistemi-politikamiz\/#primaryimage\"},\"thumbnailUrl\":\"https:\/\/ersaspen.com.tr\/wp-content\/uploads\/2025\/01\/Surdurulebilirlik-Banner-e1764154015709-768x517.webp\",\"datePublished\":\"2026-03-18T06:50:09+00:00\",\"dateModified\":\"2026-03-18T07:00:43+00:00\",\"breadcrumb\":{\"@id\":\"https:\/\/ersaspen.com.tr\/entegre-yonetim-sistemi-politikamiz\/#breadcrumb\"},\"inLanguage\":\"en-US\",\"potentialAction\":[{\"@type\":\"ReadAction\",\"target\":[\"https:\/\/ersaspen.com.tr\/entegre-yonetim-sistemi-politikamiz\/\"]}]},{\"@type\":\"ImageObject\",\"inLanguage\":\"en-US\",\"@id\":\"https:\/\/ersaspen.com.tr\/entegre-yonetim-sistemi-politikamiz\/#primaryimage\",\"url\":\"https:\/\/ersaspen.com.tr\/wp-content\/uploads\/2025\/01\/Surdurulebilirlik-Banner-e1764154015709-768x517.webp\",\"contentUrl\":\"https:\/\/ersaspen.com.tr\/wp-content\/uploads\/2025\/01\/Surdurulebilirlik-Banner-e1764154015709-768x517.webp\"},{\"@type\":\"BreadcrumbList\",\"@id\":\"https:\/\/ersaspen.com.tr\/entegre-yonetim-sistemi-politikamiz\/#breadcrumb\",\"itemListElement\":[{\"@type\":\"ListItem\",\"position\":1,\"name\":\"Anasayfa\",\"item\":\"https:\/\/ersaspen.com.tr\/\"},{\"@type\":\"ListItem\",\"position\":2,\"name\":\"Entegre Y\u00f6netim Sistemi Politikam\u0131z\"}]},{\"@type\":\"WebSite\",\"@id\":\"https:\/\/ersaspen.com.tr\/#website\",\"url\":\"https:\/\/ersaspen.com.tr\/\",\"name\":\"Ersa\u015fpen\",\"description\":\"\",\"publisher\":{\"@id\":\"https:\/\/ersaspen.com.tr\/#organization\"},\"potentialAction\":[{\"@type\":\"SearchAction\",\"target\":{\"@type\":\"EntryPoint\",\"urlTemplate\":\"https:\/\/ersaspen.com.tr\/?s={search_term_string}\"},\"query-input\":{\"@type\":\"PropertyValueSpecification\",\"valueRequired\":true,\"valueName\":\"search_term_string\"}}],\"inLanguage\":\"en-US\"},{\"@type\":\"Organization\",\"@id\":\"https:\/\/ersaspen.com.tr\/#organization\",\"name\":\"Ersa\u015fpen\",\"url\":\"https:\/\/ersaspen.com.tr\/\",\"logo\":{\"@type\":\"ImageObject\",\"inLanguage\":\"en-US\",\"@id\":\"https:\/\/ersaspen.com.tr\/#\/schema\/logo\/image\/\",\"url\":\"https:\/\/ersaspen.com.tr\/wp-content\/uploads\/2024\/03\/ERSAS_PEN_LOGO.svg\",\"contentUrl\":\"https:\/\/ersaspen.com.tr\/wp-content\/uploads\/2024\/03\/ERSAS_PEN_LOGO.svg\",\"width\":401,\"height\":73,\"caption\":\"Ersa\u015fpen\"},\"image\":{\"@id\":\"https:\/\/ersaspen.com.tr\/#\/schema\/logo\/image\/\"}}]}<\/script>\n<!-- \/ Yoast SEO plugin. -->","yoast_head_json":{"title":"Entegre Y\u00f6netim Sistemi Politikam\u0131z -","robots":{"index":"index","follow":"follow","max-snippet":"max-snippet:-1","max-image-preview":"max-image-preview:large","max-video-preview":"max-video-preview:-1"},"canonical":"https:\/\/ersaspen.com.tr\/en\/entegre-yonetim-sistemi-politikamiz\/","og_locale":"en_US","og_type":"article","og_title":"Entegre Y\u00f6netim Sistemi Politikam\u0131z -","og_description":"Entegre Y\u00f6netim Sistemi Politikas\u0131 D\u00fcnya pazar\u0131ndaki rekabetin \u00f6ng\u00f6rd\u00fc\u011f\u00fc ko\u015fulsuz m\u00fc\u015fteri memnuniyeti i\u00e7in y\u00fcksek kalite ve standartlarda PVC profil \u00fcr\u00fcnleri \u00fcretmek. Ulusal\/ Uluslararas\u0131 yasal d\u00fczenlemelere eksiksiz uymak. T\u00fcm faaliyetlerimizi insan ve \u00e7evre odakl\u0131 s\u00fcrekli g\u00f6zden ge\u00e7irmek. Faaliyetlerimizden kaynaklanan olumsuz \u00e7evre etkilerini en aza indirmek, i\u015f kazalar\u0131 ve meslek hastal\u0131klar\u0131n\u0131 \u00f6nlemek i\u00e7in gerekli tedbirleri al\u0131p iyile\u015ftirme \u00e7al\u0131\u015fmalar\u0131n\u0131...","og_url":"https:\/\/ersaspen.com.tr\/en\/entegre-yonetim-sistemi-politikamiz\/","article_modified_time":"2026-03-18T07:00:43+00:00","og_image":[{"url":"https:\/\/ersaspen.com.tr\/wp-content\/uploads\/2025\/01\/Surdurulebilirlik-Banner-e1764154015709-768x517.webp","type":"","width":"","height":""}],"twitter_card":"summary_large_image","twitter_misc":{"Est. reading time":"2 minutes"},"schema":{"@context":"https:\/\/schema.org","@graph":[{"@type":"WebPage","@id":"https:\/\/ersaspen.com.tr\/entegre-yonetim-sistemi-politikamiz\/","url":"https:\/\/ersaspen.com.tr\/entegre-yonetim-sistemi-politikamiz\/","name":"Entegre Y\u00f6netim Sistemi Politikam\u0131z -","isPartOf":{"@id":"https:\/\/ersaspen.com.tr\/#website"},"primaryImageOfPage":{"@id":"https:\/\/ersaspen.com.tr\/entegre-yonetim-sistemi-politikamiz\/#primaryimage"},"image":{"@id":"https:\/\/ersaspen.com.tr\/entegre-yonetim-sistemi-politikamiz\/#primaryimage"},"thumbnailUrl":"https:\/\/ersaspen.com.tr\/wp-content\/uploads\/2025\/01\/Surdurulebilirlik-Banner-e1764154015709-768x517.webp","datePublished":"2026-03-18T06:50:09+00:00","dateModified":"2026-03-18T07:00:43+00:00","breadcrumb":{"@id":"https:\/\/ersaspen.com.tr\/entegre-yonetim-sistemi-politikamiz\/#breadcrumb"},"inLanguage":"en-US","potentialAction":[{"@type":"ReadAction","target":["https:\/\/ersaspen.com.tr\/entegre-yonetim-sistemi-politikamiz\/"]}]},{"@type":"ImageObject","inLanguage":"en-US","@id":"https:\/\/ersaspen.com.tr\/entegre-yonetim-sistemi-politikamiz\/#primaryimage","url":"https:\/\/ersaspen.com.tr\/wp-content\/uploads\/2025\/01\/Surdurulebilirlik-Banner-e1764154015709-768x517.webp","contentUrl":"https:\/\/ersaspen.com.tr\/wp-content\/uploads\/2025\/01\/Surdurulebilirlik-Banner-e1764154015709-768x517.webp"},{"@type":"BreadcrumbList","@id":"https:\/\/ersaspen.com.tr\/entegre-yonetim-sistemi-politikamiz\/#breadcrumb","itemListElement":[{"@type":"ListItem","position":1,"name":"Anasayfa","item":"https:\/\/ersaspen.com.tr\/"},{"@type":"ListItem","position":2,"name":"Entegre Y\u00f6netim Sistemi Politikam\u0131z"}]},{"@type":"WebSite","@id":"https:\/\/ersaspen.com.tr\/#website","url":"https:\/\/ersaspen.com.tr\/","name":"Ersa\u015fpen","description":"","publisher":{"@id":"https:\/\/ersaspen.com.tr\/#organization"},"potentialAction":[{"@type":"SearchAction","target":{"@type":"EntryPoint","urlTemplate":"https:\/\/ersaspen.com.tr\/?s={search_term_string}"},"query-input":{"@type":"PropertyValueSpecification","valueRequired":true,"valueName":"search_term_string"}}],"inLanguage":"en-US"},{"@type":"Organization","@id":"https:\/\/ersaspen.com.tr\/#organization","name":"Ersa\u015fpen","url":"https:\/\/ersaspen.com.tr\/","logo":{"@type":"ImageObject","inLanguage":"en-US","@id":"https:\/\/ersaspen.com.tr\/#\/schema\/logo\/image\/","url":"https:\/\/ersaspen.com.tr\/wp-content\/uploads\/2024\/03\/ERSAS_PEN_LOGO.svg","contentUrl":"https:\/\/ersaspen.com.tr\/wp-content\/uploads\/2024\/03\/ERSAS_PEN_LOGO.svg","width":401,"height":73,"caption":"Ersa\u015fpen"},"image":{"@id":"https:\/\/ersaspen.com.tr\/#\/schema\/logo\/image\/"}}]}},"_links":{"self":[{"href":"https:\/\/ersaspen.com.tr\/en\/wp-json\/wp\/v2\/pages\/12030","targetHints":{"allow":["GET"]}}],"collection":[{"href":"https:\/\/ersaspen.com.tr\/en\/wp-json\/wp\/v2\/pages"}],"about":[{"href":"https:\/\/ersaspen.com.tr\/en\/wp-json\/wp\/v2\/types\/page"}],"author":[{"embeddable":true,"href":"https:\/\/ersaspen.com.tr\/en\/wp-json\/wp\/v2\/users\/1"}],"replies":[{"embeddable":true,"href":"https:\/\/ersaspen.com.tr\/en\/wp-json\/wp\/v2\/comments?post=12030"}],"version-history":[{"count":8,"href":"https:\/\/ersaspen.com.tr\/en\/wp-json\/wp\/v2\/pages\/12030\/revisions"}],"predecessor-version":[{"id":12040,"href":"https:\/\/ersaspen.com.tr\/en\/wp-json\/wp\/v2\/pages\/12030\/revisions\/12040"}],"wp:attachment":[{"href":"https:\/\/ersaspen.com.tr\/en\/wp-json\/wp\/v2\/media?parent=12030"}],"curies":[{"name":"wp","href":"https:\/\/api.w.org\/{rel}","templated":true}]}}