{"id":12045,"date":"2026-03-18T07:03:47","date_gmt":"2026-03-18T07:03:47","guid":{"rendered":"https:\/\/ersaspen.com.tr\/?page_id=12045"},"modified":"2026-03-18T07:10:17","modified_gmt":"2026-03-18T07:10:17","slug":"politikalarimiz","status":"publish","type":"page","link":"https:\/\/ersaspen.com.tr\/en\/politikalarimiz\/","title":{"rendered":"Politikalar\u0131m\u0131z"},"content":{"rendered":"<div data-elementor-type=\"wp-page\" data-elementor-id=\"12045\" class=\"elementor elementor-12045\">\n\t\t\t\t<div class=\"elementor-element elementor-element-6458d41 e-flex e-con-boxed e-con e-parent\" data-id=\"6458d41\" data-element_type=\"container\" data-settings=\"{&quot;background_background&quot;:&quot;classic&quot;}\">\n\t\t\t\t\t<div class=\"e-con-inner\">\n\t\t\t\t<div class=\"elementor-element elementor-element-84ce25e elementor-widget elementor-widget-heading\" data-id=\"84ce25e\" data-element_type=\"widget\" data-widget_type=\"heading.default\">\n\t\t\t\t<div class=\"elementor-widget-container\">\n\t\t\t\t\t<h2 class=\"elementor-heading-title elementor-size-default\">Politikalar\u0131m\u0131z<\/h2>\t\t\t\t<\/div>\n\t\t\t\t<\/div>\n\t\t\t\t\t<\/div>\n\t\t\t\t<\/div>\n\t\t<div class=\"elementor-element elementor-element-d55bb39 e-flex e-con-boxed e-con e-parent\" data-id=\"d55bb39\" data-element_type=\"container\">\n\t\t\t\t\t<div class=\"e-con-inner\">\n\t\t\t\t\t<\/div>\n\t\t\t\t<\/div>\n\t\t<div class=\"elementor-element elementor-element-145c565 e-flex e-con-boxed e-con e-parent\" data-id=\"145c565\" data-element_type=\"container\">\n\t\t\t\t\t<div class=\"e-con-inner\">\n\t\t<div class=\"elementor-element elementor-element-5e23a84 e-con-full e-flex e-con e-child\" data-id=\"5e23a84\" data-element_type=\"container\">\n\t\t\t\t<div class=\"elementor-element elementor-element-e46a12d elementor-widget elementor-widget-image\" data-id=\"e46a12d\" data-element_type=\"widget\" data-widget_type=\"image.default\">\n\t\t\t\t<div class=\"elementor-widget-container\">\n\t\t\t\t\t\t\t\t\t\t\t\t\t\t\t<img fetchpriority=\"high\" decoding=\"async\" width=\"640\" height=\"291\" src=\"https:\/\/ersaspen.com.tr\/wp-content\/uploads\/2026\/03\/6-1024x465.webp\" class=\"attachment-large size-large wp-image-12021\" alt=\"\" srcset=\"https:\/\/ersaspen.com.tr\/wp-content\/uploads\/2026\/03\/6-1024x465.webp 1024w, https:\/\/ersaspen.com.tr\/wp-content\/uploads\/2026\/03\/6-300x136.webp 300w, https:\/\/ersaspen.com.tr\/wp-content\/uploads\/2026\/03\/6-768x349.webp 768w, https:\/\/ersaspen.com.tr\/wp-content\/uploads\/2026\/03\/6-1536x698.webp 1536w, https:\/\/ersaspen.com.tr\/wp-content\/uploads\/2026\/03\/6-2048x931.webp 2048w, https:\/\/ersaspen.com.tr\/wp-content\/uploads\/2026\/03\/6-18x8.webp 18w, https:\/\/ersaspen.com.tr\/wp-content\/uploads\/2026\/03\/6-1320x601.webp 1320w, https:\/\/ersaspen.com.tr\/wp-content\/uploads\/2026\/03\/6-200x91.webp 200w\" sizes=\"(max-width: 640px) 100vw, 640px\" \/>\t\t\t\t\t\t\t\t\t\t\t\t\t\t\t<\/div>\n\t\t\t\t<\/div>\n\t\t\t\t<div class=\"elementor-element elementor-element-4256680 elementor-align-center elementor-widget elementor-widget-elementskit-button\" data-id=\"4256680\" data-element_type=\"widget\" data-widget_type=\"elementskit-button.default\">\n\t\t\t\t<div class=\"elementor-widget-container\">\n\t\t\t\t\t<div class=\"ekit-wid-con\" >\t\t<div class=\"ekit-btn-wraper\">\n\t\t\t\t\t\t\t<a href=\"https:\/\/ersaspen.com.tr\/en\/kalite-politikamiz\/\" class=\"elementskit-btn  whitespace--normal\" id=\"\">\n\t\t\t\t\tKalite Politikam\u0131z\t\t\t\t<\/a>\n\t\t\t\t\t<\/div>\n        <\/div>\t\t\t\t<\/div>\n\t\t\t\t<\/div>\n\t\t\t\t<\/div>\n\t\t<div class=\"elementor-element elementor-element-9947511 e-con-full e-flex e-con e-child\" data-id=\"9947511\" data-element_type=\"container\">\n\t\t\t\t<div class=\"elementor-element elementor-element-4c889b5 elementor-widget elementor-widget-image\" data-id=\"4c889b5\" data-element_type=\"widget\" data-widget_type=\"image.default\">\n\t\t\t\t<div class=\"elementor-widget-container\">\n\t\t\t\t\t\t\t\t\t\t\t\t\t\t\t<img decoding=\"async\" width=\"640\" height=\"320\" src=\"https:\/\/ersaspen.com.tr\/wp-content\/uploads\/2025\/01\/Surdurulebilirlik-Banner-1024x512.webp\" class=\"attachment-large size-large wp-image-11418\" alt=\"\" \/>\t\t\t\t\t\t\t\t\t\t\t\t\t\t\t<\/div>\n\t\t\t\t<\/div>\n\t\t\t\t<div class=\"elementor-element elementor-element-45894b2 elementor-align-center elementor-widget elementor-widget-elementskit-button\" data-id=\"45894b2\" data-element_type=\"widget\" data-widget_type=\"elementskit-button.default\">\n\t\t\t\t<div class=\"elementor-widget-container\">\n\t\t\t\t\t<div class=\"ekit-wid-con\" >\t\t<div class=\"ekit-btn-wraper\">\n\t\t\t\t\t\t\t<a href=\"https:\/\/ersaspen.com.tr\/en\/entegre-yonetim-sistemi-politikamiz\/\" class=\"elementskit-btn  whitespace--normal\" id=\"\">\n\t\t\t\t\tEntegre Y\u00f6netim Sistemi Politikam\u0131z\t\t\t\t<\/a>\n\t\t\t\t\t<\/div>\n        <\/div>\t\t\t\t<\/div>\n\t\t\t\t<\/div>\n\t\t\t\t<\/div>\n\t\t\t\t\t<\/div>\n\t\t\t\t<\/div>\n\t\t\t\t<\/div>","protected":false},"excerpt":{"rendered":"<p>Politikalar\u0131m\u0131z Kalite Politikam\u0131z Entegre Y\u00f6netim Sistemi Politikam\u0131z<\/p>","protected":false},"author":1,"featured_media":0,"parent":0,"menu_order":0,"comment_status":"closed","ping_status":"closed","template":"","meta":{"inline_featured_image":false,"footnotes":""},"class_list":["post-12045","page","type-page","status-publish","hentry"],"yoast_head":"<!-- This site is optimized with the Yoast SEO plugin v24.1 - https:\/\/yoast.com\/wordpress\/plugins\/seo\/ -->\n<title>Politikalar\u0131m\u0131z -<\/title>\n<meta name=\"robots\" content=\"index, follow, max-snippet:-1, max-image-preview:large, max-video-preview:-1\" \/>\n<link rel=\"canonical\" href=\"https:\/\/ersaspen.com.tr\/en\/politikalarimiz\/\" \/>\n<meta property=\"og:locale\" content=\"en_US\" \/>\n<meta property=\"og:type\" content=\"article\" \/>\n<meta property=\"og:title\" content=\"Politikalar\u0131m\u0131z -\" \/>\n<meta property=\"og:description\" content=\"Politikalar\u0131m\u0131z Kalite Politikam\u0131z Entegre Y\u00f6netim Sistemi Politikam\u0131z\" \/>\n<meta property=\"og:url\" content=\"https:\/\/ersaspen.com.tr\/en\/politikalarimiz\/\" \/>\n<meta property=\"article:modified_time\" content=\"2026-03-18T07:10:17+00:00\" \/>\n<meta property=\"og:image\" content=\"https:\/\/ersaspen.com.tr\/wp-content\/uploads\/2026\/03\/6-1024x465.webp\" \/>\n<meta name=\"twitter:card\" content=\"summary_large_image\" \/>\n<meta name=\"twitter:label1\" content=\"Est. reading time\" \/>\n\t<meta name=\"twitter:data1\" content=\"1 minute\" \/>\n<script type=\"application\/ld+json\" class=\"yoast-schema-graph\">{\"@context\":\"https:\/\/schema.org\",\"@graph\":[{\"@type\":\"WebPage\",\"@id\":\"https:\/\/ersaspen.com.tr\/politikalarimiz\/\",\"url\":\"https:\/\/ersaspen.com.tr\/politikalarimiz\/\",\"name\":\"Politikalar\u0131m\u0131z -\",\"isPartOf\":{\"@id\":\"https:\/\/ersaspen.com.tr\/#website\"},\"primaryImageOfPage\":{\"@id\":\"https:\/\/ersaspen.com.tr\/politikalarimiz\/#primaryimage\"},\"image\":{\"@id\":\"https:\/\/ersaspen.com.tr\/politikalarimiz\/#primaryimage\"},\"thumbnailUrl\":\"https:\/\/ersaspen.com.tr\/wp-content\/uploads\/2026\/03\/6-1024x465.webp\",\"datePublished\":\"2026-03-18T07:03:47+00:00\",\"dateModified\":\"2026-03-18T07:10:17+00:00\",\"breadcrumb\":{\"@id\":\"https:\/\/ersaspen.com.tr\/politikalarimiz\/#breadcrumb\"},\"inLanguage\":\"en-US\",\"potentialAction\":[{\"@type\":\"ReadAction\",\"target\":[\"https:\/\/ersaspen.com.tr\/politikalarimiz\/\"]}]},{\"@type\":\"ImageObject\",\"inLanguage\":\"en-US\",\"@id\":\"https:\/\/ersaspen.com.tr\/politikalarimiz\/#primaryimage\",\"url\":\"https:\/\/ersaspen.com.tr\/wp-content\/uploads\/2026\/03\/6-1024x465.webp\",\"contentUrl\":\"https:\/\/ersaspen.com.tr\/wp-content\/uploads\/2026\/03\/6-1024x465.webp\"},{\"@type\":\"BreadcrumbList\",\"@id\":\"https:\/\/ersaspen.com.tr\/politikalarimiz\/#breadcrumb\",\"itemListElement\":[{\"@type\":\"ListItem\",\"position\":1,\"name\":\"Anasayfa\",\"item\":\"https:\/\/ersaspen.com.tr\/\"},{\"@type\":\"ListItem\",\"position\":2,\"name\":\"Politikalar\u0131m\u0131z\"}]},{\"@type\":\"WebSite\",\"@id\":\"https:\/\/ersaspen.com.tr\/#website\",\"url\":\"https:\/\/ersaspen.com.tr\/\",\"name\":\"Ersa\u015fpen\",\"description\":\"\",\"publisher\":{\"@id\":\"https:\/\/ersaspen.com.tr\/#organization\"},\"potentialAction\":[{\"@type\":\"SearchAction\",\"target\":{\"@type\":\"EntryPoint\",\"urlTemplate\":\"https:\/\/ersaspen.com.tr\/?s={search_term_string}\"},\"query-input\":{\"@type\":\"PropertyValueSpecification\",\"valueRequired\":true,\"valueName\":\"search_term_string\"}}],\"inLanguage\":\"en-US\"},{\"@type\":\"Organization\",\"@id\":\"https:\/\/ersaspen.com.tr\/#organization\",\"name\":\"Ersa\u015fpen\",\"url\":\"https:\/\/ersaspen.com.tr\/\",\"logo\":{\"@type\":\"ImageObject\",\"inLanguage\":\"en-US\",\"@id\":\"https:\/\/ersaspen.com.tr\/#\/schema\/logo\/image\/\",\"url\":\"https:\/\/ersaspen.com.tr\/wp-content\/uploads\/2024\/03\/ERSAS_PEN_LOGO.svg\",\"contentUrl\":\"https:\/\/ersaspen.com.tr\/wp-content\/uploads\/2024\/03\/ERSAS_PEN_LOGO.svg\",\"width\":401,\"height\":73,\"caption\":\"Ersa\u015fpen\"},\"image\":{\"@id\":\"https:\/\/ersaspen.com.tr\/#\/schema\/logo\/image\/\"}}]}<\/script>\n<!-- \/ Yoast SEO plugin. -->","yoast_head_json":{"title":"Politikalar\u0131m\u0131z -","robots":{"index":"index","follow":"follow","max-snippet":"max-snippet:-1","max-image-preview":"max-image-preview:large","max-video-preview":"max-video-preview:-1"},"canonical":"https:\/\/ersaspen.com.tr\/en\/politikalarimiz\/","og_locale":"en_US","og_type":"article","og_title":"Politikalar\u0131m\u0131z -","og_description":"Politikalar\u0131m\u0131z Kalite Politikam\u0131z Entegre Y\u00f6netim Sistemi Politikam\u0131z","og_url":"https:\/\/ersaspen.com.tr\/en\/politikalarimiz\/","article_modified_time":"2026-03-18T07:10:17+00:00","og_image":[{"url":"https:\/\/ersaspen.com.tr\/wp-content\/uploads\/2026\/03\/6-1024x465.webp","type":"","width":"","height":""}],"twitter_card":"summary_large_image","twitter_misc":{"Est. reading time":"1 minute"},"schema":{"@context":"https:\/\/schema.org","@graph":[{"@type":"WebPage","@id":"https:\/\/ersaspen.com.tr\/politikalarimiz\/","url":"https:\/\/ersaspen.com.tr\/politikalarimiz\/","name":"Politikalar\u0131m\u0131z -","isPartOf":{"@id":"https:\/\/ersaspen.com.tr\/#website"},"primaryImageOfPage":{"@id":"https:\/\/ersaspen.com.tr\/politikalarimiz\/#primaryimage"},"image":{"@id":"https:\/\/ersaspen.com.tr\/politikalarimiz\/#primaryimage"},"thumbnailUrl":"https:\/\/ersaspen.com.tr\/wp-content\/uploads\/2026\/03\/6-1024x465.webp","datePublished":"2026-03-18T07:03:47+00:00","dateModified":"2026-03-18T07:10:17+00:00","breadcrumb":{"@id":"https:\/\/ersaspen.com.tr\/politikalarimiz\/#breadcrumb"},"inLanguage":"en-US","potentialAction":[{"@type":"ReadAction","target":["https:\/\/ersaspen.com.tr\/politikalarimiz\/"]}]},{"@type":"ImageObject","inLanguage":"en-US","@id":"https:\/\/ersaspen.com.tr\/politikalarimiz\/#primaryimage","url":"https:\/\/ersaspen.com.tr\/wp-content\/uploads\/2026\/03\/6-1024x465.webp","contentUrl":"https:\/\/ersaspen.com.tr\/wp-content\/uploads\/2026\/03\/6-1024x465.webp"},{"@type":"BreadcrumbList","@id":"https:\/\/ersaspen.com.tr\/politikalarimiz\/#breadcrumb","itemListElement":[{"@type":"ListItem","position":1,"name":"Anasayfa","item":"https:\/\/ersaspen.com.tr\/"},{"@type":"ListItem","position":2,"name":"Politikalar\u0131m\u0131z"}]},{"@type":"WebSite","@id":"https:\/\/ersaspen.com.tr\/#website","url":"https:\/\/ersaspen.com.tr\/","name":"Ersa\u015fpen","description":"","publisher":{"@id":"https:\/\/ersaspen.com.tr\/#organization"},"potentialAction":[{"@type":"SearchAction","target":{"@type":"EntryPoint","urlTemplate":"https:\/\/ersaspen.com.tr\/?s={search_term_string}"},"query-input":{"@type":"PropertyValueSpecification","valueRequired":true,"valueName":"search_term_string"}}],"inLanguage":"en-US"},{"@type":"Organization","@id":"https:\/\/ersaspen.com.tr\/#organization","name":"Ersa\u015fpen","url":"https:\/\/ersaspen.com.tr\/","logo":{"@type":"ImageObject","inLanguage":"en-US","@id":"https:\/\/ersaspen.com.tr\/#\/schema\/logo\/image\/","url":"https:\/\/ersaspen.com.tr\/wp-content\/uploads\/2024\/03\/ERSAS_PEN_LOGO.svg","contentUrl":"https:\/\/ersaspen.com.tr\/wp-content\/uploads\/2024\/03\/ERSAS_PEN_LOGO.svg","width":401,"height":73,"caption":"Ersa\u015fpen"},"image":{"@id":"https:\/\/ersaspen.com.tr\/#\/schema\/logo\/image\/"}}]}},"_links":{"self":[{"href":"https:\/\/ersaspen.com.tr\/en\/wp-json\/wp\/v2\/pages\/12045","targetHints":{"allow":["GET"]}}],"collection":[{"href":"https:\/\/ersaspen.com.tr\/en\/wp-json\/wp\/v2\/pages"}],"about":[{"href":"https:\/\/ersaspen.com.tr\/en\/wp-json\/wp\/v2\/types\/page"}],"author":[{"embeddable":true,"href":"https:\/\/ersaspen.com.tr\/en\/wp-json\/wp\/v2\/users\/1"}],"replies":[{"embeddable":true,"href":"https:\/\/ersaspen.com.tr\/en\/wp-json\/wp\/v2\/comments?post=12045"}],"version-history":[{"count":7,"href":"https:\/\/ersaspen.com.tr\/en\/wp-json\/wp\/v2\/pages\/12045\/revisions"}],"predecessor-version":[{"id":12052,"href":"https:\/\/ersaspen.com.tr\/en\/wp-json\/wp\/v2\/pages\/12045\/revisions\/12052"}],"wp:attachment":[{"href":"https:\/\/ersaspen.com.tr\/en\/wp-json\/wp\/v2\/media?parent=12045"}],"curies":[{"name":"wp","href":"https:\/\/api.w.org\/{rel}","templated":true}]}}