{"id":4448,"date":"2023-12-07T04:50:19","date_gmt":"2023-12-07T04:50:19","guid":{"rendered":"https:\/\/innovat.themewant.com\/?page_id=4448"},"modified":"2026-04-17T11:17:07","modified_gmt":"2026-04-17T11:17:07","slug":"iletisim","status":"publish","type":"page","link":"https:\/\/ersaspen.com.tr\/en\/contact\/","title":{"rendered":"Contact"},"content":{"rendered":"<div data-elementor-type=\"wp-page\" data-elementor-id=\"4448\" class=\"elementor elementor-4448\">\n\t\t\t\t<div class=\"elementor-element elementor-element-0d7e6a6 e-flex e-con-boxed e-con e-parent\" data-id=\"0d7e6a6\" data-element_type=\"container\">\n\t\t\t\t\t<div class=\"e-con-inner\">\n\t\t<div class=\"elementor-element elementor-element-7a57ceb e-flex e-con-boxed e-con e-child\" data-id=\"7a57ceb\" data-element_type=\"container\">\n\t\t\t\t\t<div class=\"e-con-inner\">\n\t\t\t\t<div class=\"elementor-element elementor-element-06a7de7 elementor-widget elementor-widget-heading\" data-id=\"06a7de7\" data-element_type=\"widget\" data-widget_type=\"heading.default\">\n\t\t\t\t<div class=\"elementor-widget-container\">\n\t\t\t\t\t<h2 class=\"elementor-heading-title elementor-size-default\">Contact Us<\/h2>\t\t\t\t<\/div>\n\t\t\t\t<\/div>\n\t\t\t\t\t<\/div>\n\t\t\t\t<\/div>\n\t\t\t\t\t<\/div>\n\t\t\t\t<\/div>\n\t\t<div class=\"elementor-element elementor-element-b8f8943 e-flex e-con-boxed e-con e-parent\" data-id=\"b8f8943\" data-element_type=\"container\">\n\t\t\t\t\t<div class=\"e-con-inner\">\n\t\t<div class=\"elementor-element elementor-element-bffe5d4 e-con-full e-flex e-con e-child\" data-id=\"bffe5d4\" data-element_type=\"container\">\n\t\t<div class=\"elementor-element elementor-element-54f2185 e-flex e-con-boxed e-con e-child\" data-id=\"54f2185\" data-element_type=\"container\">\n\t\t\t\t\t<div class=\"e-con-inner\">\n\t\t<div class=\"elementor-element elementor-element-54bdb2d e-flex e-con-boxed e-con e-child\" data-id=\"54bdb2d\" data-element_type=\"container\">\n\t\t\t\t\t<div class=\"e-con-inner\">\n\t\t<div class=\"elementor-element elementor-element-3aaab97 e-con-full e-flex e-con e-child\" data-id=\"3aaab97\" data-element_type=\"container\">\n\t\t\t\t<div class=\"elementor-element elementor-element-49d4541 elementor-widget elementor-widget-heading\" data-id=\"49d4541\" data-element_type=\"widget\" data-widget_type=\"heading.default\">\n\t\t\t\t<div class=\"elementor-widget-container\">\n\t\t\t\t\t<h2 class=\"elementor-heading-title elementor-size-default\">Contact Us<\/h2>\t\t\t\t<\/div>\n\t\t\t\t<\/div>\n\t\t\t\t<div class=\"elementor-element elementor-element-f9f686f elementor-widget elementor-widget-text-editor\" data-id=\"f9f686f\" data-element_type=\"widget\" data-widget_type=\"text-editor.default\">\n\t\t\t\t<div class=\"elementor-widget-container\">\n\t\t\t\t\t\t\t\t\t<p>info@ersaspen.com.tr<\/p>\t\t\t\t\t\t\t\t<\/div>\n\t\t\t\t<\/div>\n\t\t\t\t<\/div>\n\t\t<div class=\"elementor-element elementor-element-1945226 e-con-full e-flex e-con e-child\" data-id=\"1945226\" data-element_type=\"container\">\n\t\t\t\t<div class=\"elementor-element elementor-element-5b48ac5 elementor-widget elementor-widget-heading\" data-id=\"5b48ac5\" data-element_type=\"widget\" data-widget_type=\"heading.default\">\n\t\t\t\t<div class=\"elementor-widget-container\">\n\t\t\t\t\t<h2 class=\"elementor-heading-title elementor-size-default\">Call us<\/h2>\t\t\t\t<\/div>\n\t\t\t\t<\/div>\n\t\t\t\t<div class=\"elementor-element elementor-element-f5815bf elementor-widget elementor-widget-text-editor\" data-id=\"f5815bf\" data-element_type=\"widget\" data-widget_type=\"text-editor.default\">\n\t\t\t\t<div class=\"elementor-widget-container\">\n\t\t\t\t\t\t\t\t\t<p>+90 (212) 674 12 14<\/p>\t\t\t\t\t\t\t\t<\/div>\n\t\t\t\t<\/div>\n\t\t\t\t<\/div>\n\t\t\t\t\t<\/div>\n\t\t\t\t<\/div>\n\t\t\t\t\t<\/div>\n\t\t\t\t<\/div>\n\t\t\t\t<\/div>\n\t\t<div class=\"elementor-element elementor-element-4b37f24 e-con-full e-flex e-con e-child\" data-id=\"4b37f24\" data-element_type=\"container\">\n\t\t\t\t<div class=\"elementor-element elementor-element-7273706 elementor-widget elementor-widget-text-editor\" data-id=\"7273706\" data-element_type=\"widget\" data-widget_type=\"text-editor.default\">\n\t\t\t\t<div class=\"elementor-widget-container\">\n\t\t\t\t\t\t\t\t\t<p>\u0130ncirlik Sk. No: 11-15, PK 34050<br \/>Ey\u00fcpsultan &#8211; \u0130stanbul -T\u00fcrkiye<\/p>\t\t\t\t\t\t\t\t<\/div>\n\t\t\t\t<\/div>\n\t\t\t\t<div class=\"elementor-element elementor-element-8ef55e6 elementor-widget elementor-widget-text-editor\" data-id=\"8ef55e6\" data-element_type=\"widget\" data-widget_type=\"text-editor.default\">\n\t\t\t\t<div class=\"elementor-widget-container\">\n\t\t\t\t\t\t\t\t\t<p>Tel: <a href=\"http:\/\/+90 (212) 674 12 14\" data-wplink-url-error=\"true\">+90 (212) 674 12 14<\/a><br \/>Fax: +90 (212) 674 12 17<\/p>\t\t\t\t\t\t\t\t<\/div>\n\t\t\t\t<\/div>\n\t\t\t\t<\/div>\n\t\t<div class=\"elementor-element elementor-element-776acfb e-con-full e-flex e-con e-child\" data-id=\"776acfb\" data-element_type=\"container\">\n\t\t\t\t<div class=\"elementor-element elementor-element-3e1c5d0 elementor-widget elementor-widget-text-editor\" data-id=\"3e1c5d0\" data-element_type=\"widget\" data-widget_type=\"text-editor.default\">\n\t\t\t\t<div class=\"elementor-widget-container\">\n\t\t\t\t\t\t\t\t\t<p>Ergene 1 OSB Vak\u0131flar OSB Mah.Sanayi Cad. No: 19-1<br class=\"vc_hidden-xs\" \/>Ergene \/ Tekirda\u011f \/ T\u00fcrkiye<\/p>\t\t\t\t\t\t\t\t<\/div>\n\t\t\t\t<\/div>\n\t\t\t\t<div class=\"elementor-element elementor-element-b00d384 elementor-widget elementor-widget-text-editor\" data-id=\"b00d384\" data-element_type=\"widget\" data-widget_type=\"text-editor.default\">\n\t\t\t\t<div class=\"elementor-widget-container\">\n\t\t\t\t\t\t\t\t\t<p>Tel: 0 (282) 683 20 22<br \/>Fax: 0 (282) 683 20 28<\/p>\t\t\t\t\t\t\t\t<\/div>\n\t\t\t\t<\/div>\n\t\t\t\t<\/div>\n\t\t\t\t\t<\/div>\n\t\t\t\t<\/div>\n\t\t<div class=\"elementor-element elementor-element-611986f e-flex e-con-boxed e-con e-parent\" data-id=\"611986f\" data-element_type=\"container\">\n\t\t\t\t\t<div class=\"e-con-inner\">\n\t\t\t\t<div class=\"elementor-element elementor-element-5205158 elementor-widget elementor-widget-heading\" data-id=\"5205158\" data-element_type=\"widget\" data-widget_type=\"heading.default\">\n\t\t\t\t<div class=\"elementor-widget-container\">\n\t\t\t\t\t<h2 class=\"elementor-heading-title elementor-size-default\">Contact Form<\/h2>\t\t\t\t<\/div>\n\t\t\t\t<\/div>\n\t\t\t\t<div class=\"elementor-element elementor-element-23b8c43 elementor-widget elementor-widget-shortcode\" data-id=\"23b8c43\" data-element_type=\"widget\" data-widget_type=\"shortcode.default\">\n\t\t\t\t<div class=\"elementor-widget-container\">\n\t\t\t\t\t\t\t<div class=\"elementor-shortcode\">\n<div class=\"wpcf7 no-js\" id=\"wpcf7-f9879-o1\" lang=\"tr-TR\" dir=\"ltr\" data-wpcf7-id=\"9879\">\n<div class=\"screen-reader-response\"><p role=\"status\" aria-live=\"polite\" aria-atomic=\"true\"><\/p> <ul><\/ul><\/div>\n<form action=\"\/en\/wp-json\/wp\/v2\/pages\/4448#wpcf7-f9879-o1\" method=\"post\" class=\"wpcf7-form init\" aria-label=\"Contact Form\" novalidate=\"novalidate\" data-status=\"init\" data-trp-original-action=\"\/en\/wp-json\/wp\/v2\/pages\/4448#wpcf7-f9879-o1\">\n<fieldset class=\"hidden-fields-container\"><input type=\"hidden\" name=\"_wpcf7\" value=\"9879\" \/><input type=\"hidden\" name=\"_wpcf7_version\" value=\"6.1.3\" \/><input type=\"hidden\" name=\"_wpcf7_locale\" value=\"tr_TR\" \/><input type=\"hidden\" name=\"_wpcf7_unit_tag\" value=\"wpcf7-f9879-o1\" \/><input type=\"hidden\" name=\"_wpcf7_container_post\" value=\"0\" \/><input type=\"hidden\" name=\"_wpcf7_posted_data_hash\" value=\"\" \/>\n<\/fieldset>\n<p><label> Your name<br \/>\n<span class=\"wpcf7-form-control-wrap\" data-name=\"your-name\"><input size=\"40\" maxlength=\"400\" class=\"wpcf7-form-control wpcf7-text wpcf7-validates-as-required\" aria-required=\"true\" aria-invalid=\"false\" value=\"\" type=\"text\" name=\"your-name\" \/><\/span> <\/label>\n<\/p>\n<p><label> E-posta Adresiniz<br \/>\n<span class=\"wpcf7-form-control-wrap\" data-name=\"your-email\"><input size=\"40\" maxlength=\"400\" class=\"wpcf7-form-control wpcf7-email wpcf7-validates-as-required wpcf7-text wpcf7-validates-as-email\" aria-required=\"true\" aria-invalid=\"false\" value=\"\" type=\"email\" name=\"your-email\" \/><\/span> <\/label>\n<\/p>\n<p><label> Subject<br \/>\n<span class=\"wpcf7-form-control-wrap\" data-name=\"your-subject\"><input size=\"40\" maxlength=\"400\" class=\"wpcf7-form-control wpcf7-text wpcf7-validates-as-required\" aria-required=\"true\" aria-invalid=\"false\" value=\"\" type=\"text\" name=\"your-subject\" \/><\/span> <\/label>\n<\/p>\n<p><label> Your message<br \/>\n<span class=\"wpcf7-form-control-wrap\" data-name=\"your-message\"><textarea cols=\"40\" rows=\"10\" maxlength=\"2000\" class=\"wpcf7-form-control wpcf7-textarea\" aria-invalid=\"false\" name=\"your-message\"><\/textarea><\/span> <\/label>\n<\/p>\n<p><input class=\"wpcf7-form-control wpcf7-submit has-spinner\" type=\"submit\" value=\"Send\" \/>\n<\/p><input type='hidden' class='wpcf7-pum' value='{\"closepopup\":false,\"closedelay\":0,\"openpopup\":false,\"openpopup_id\":0}' \/><div class=\"wpcf7-response-output\" aria-hidden=\"true\"><\/div>\n<input type=\"hidden\" name=\"trp-form-language\" value=\"en\"\/><\/form>\n<\/div>\n<\/div>\n\t\t\t\t\t\t<\/div>\n\t\t\t\t<\/div>\n\t\t\t\t\t<\/div>\n\t\t\t\t<\/div>\n\t\t<div class=\"elementor-element elementor-element-30ea970 e-con-full e-flex e-con e-parent\" data-id=\"30ea970\" data-element_type=\"container\" data-settings=\"{&quot;background_background&quot;:&quot;classic&quot;}\">\n\t\t\t\t<div class=\"elementor-element elementor-element-17ac24f elementor-widget elementor-widget-google_maps\" data-id=\"17ac24f\" data-element_type=\"widget\" data-widget_type=\"google_maps.default\">\n\t\t\t\t<div class=\"elementor-widget-container\">\n\t\t\t\t\t\t\t<div class=\"elementor-custom-embed\">\n\t\t\t<iframe loading=\"lazy\"\n\t\t\t\t\tsrc=\"https:\/\/maps.google.com\/maps?q=Top%C3%A7ular%20Mh.%C4%B0ncirlik%20Sk.%20No%20%3A%2011-15%20Ersa%C5%9F%20Plaza%20PK%2C%2034050%20Ey%C3%BCpsultan%2F%C4%B0stanbul&#038;t=m&#038;z=16&#038;output=embed&#038;iwloc=near\"\n\t\t\t\t\ttitle=\"Top\u00e7ular Mh. \u0130ncirlik Sk. No: 11-15 Ersa\u015f Plaza PK, 34050 Ey\u00fcpsultan\/\u0130stanbul\"\n\t\t\t\t\taria-label=\"Top\u00e7ular Mh. \u0130ncirlik Sk. No: 11-15 Ersa\u015f Plaza PK, 34050 Ey\u00fcpsultan\/\u0130stanbul\"\n\t\t\t><\/iframe>\n\t\t<\/div>\n\t\t\t\t\t\t<\/div>\n\t\t\t\t<\/div>\n\t\t\t\t<\/div>\n\t\t\t\t<\/div>","protected":false},"excerpt":{"rendered":"<p>\u0130leti\u015fime Ge\u00e7 Bize Yaz\u0131n info@ersaspen.com.tr Bizi Aray\u0131n +90 (212) 674 12 14 \u0130ncirlik Sk. No: 11-15, PK 34050Ey\u00fcpsultan &#8211; \u0130stanbul -T\u00fcrkiye Tel: +90 (212) 674 12 14Fax: +90 (212) 674 12 17 Ergene 1 O.S.B Vak\u0131flar O.S.B Mah.Sanayi Cad. No: 19-1Ergene \/ Tekirda\u011f \/ T\u00dcRK\u0130YE Tel: 0 (282) 683 20 22Fax: 0 (282) 683 20&#8230;<\/p>","protected":false},"author":1,"featured_media":0,"parent":0,"menu_order":0,"comment_status":"closed","ping_status":"closed","template":"","meta":{"inline_featured_image":false,"footnotes":""},"class_list":["post-4448","page","type-page","status-publish","hentry"],"yoast_head":"<!-- This site is optimized with the Yoast SEO plugin v24.1 - https:\/\/yoast.com\/wordpress\/plugins\/seo\/ -->\n<title>\u0130leti\u015fim -<\/title>\n<meta name=\"robots\" content=\"index, follow, max-snippet:-1, max-image-preview:large, max-video-preview:-1\" \/>\n<link rel=\"canonical\" href=\"https:\/\/ersaspen.com.tr\/en\/contact\/\" \/>\n<meta property=\"og:locale\" content=\"en_US\" \/>\n<meta property=\"og:type\" content=\"article\" \/>\n<meta property=\"og:title\" content=\"\u0130leti\u015fim -\" \/>\n<meta property=\"og:description\" content=\"\u0130leti\u015fime Ge\u00e7 Bize Yaz\u0131n info@ersaspen.com.tr Bizi Aray\u0131n +90 (212) 674 12 14 \u0130ncirlik Sk. No: 11-15, PK 34050Ey\u00fcpsultan &#8211; \u0130stanbul -T\u00fcrkiye Tel: +90 (212) 674 12 14Fax: +90 (212) 674 12 17 Ergene 1 O.S.B Vak\u0131flar O.S.B Mah.Sanayi Cad. No: 19-1Ergene \/ Tekirda\u011f \/ T\u00dcRK\u0130YE Tel: 0 (282) 683 20 22Fax: 0 (282) 683 20...\" \/>\n<meta property=\"og:url\" content=\"https:\/\/ersaspen.com.tr\/en\/contact\/\" \/>\n<meta property=\"article:modified_time\" content=\"2026-04-17T11:17:07+00:00\" \/>\n<meta name=\"twitter:card\" content=\"summary_large_image\" \/>\n<meta name=\"twitter:label1\" content=\"Est. reading time\" \/>\n\t<meta name=\"twitter:data1\" content=\"1 minute\" \/>\n<script type=\"application\/ld+json\" class=\"yoast-schema-graph\">{\"@context\":\"https:\/\/schema.org\",\"@graph\":[{\"@type\":\"WebPage\",\"@id\":\"https:\/\/ersaspen.com.tr\/iletisim\/\",\"url\":\"https:\/\/ersaspen.com.tr\/iletisim\/\",\"name\":\"\u0130leti\u015fim -\",\"isPartOf\":{\"@id\":\"https:\/\/ersaspen.com.tr\/#website\"},\"datePublished\":\"2023-12-07T04:50:19+00:00\",\"dateModified\":\"2026-04-17T11:17:07+00:00\",\"breadcrumb\":{\"@id\":\"https:\/\/ersaspen.com.tr\/iletisim\/#breadcrumb\"},\"inLanguage\":\"en-US\",\"potentialAction\":[{\"@type\":\"ReadAction\",\"target\":[\"https:\/\/ersaspen.com.tr\/iletisim\/\"]}]},{\"@type\":\"BreadcrumbList\",\"@id\":\"https:\/\/ersaspen.com.tr\/iletisim\/#breadcrumb\",\"itemListElement\":[{\"@type\":\"ListItem\",\"position\":1,\"name\":\"Anasayfa\",\"item\":\"https:\/\/ersaspen.com.tr\/\"},{\"@type\":\"ListItem\",\"position\":2,\"name\":\"\u0130leti\u015fim\"}]},{\"@type\":\"WebSite\",\"@id\":\"https:\/\/ersaspen.com.tr\/#website\",\"url\":\"https:\/\/ersaspen.com.tr\/\",\"name\":\"Ersa\u015fpen\",\"description\":\"\",\"publisher\":{\"@id\":\"https:\/\/ersaspen.com.tr\/#organization\"},\"potentialAction\":[{\"@type\":\"SearchAction\",\"target\":{\"@type\":\"EntryPoint\",\"urlTemplate\":\"https:\/\/ersaspen.com.tr\/?s={search_term_string}\"},\"query-input\":{\"@type\":\"PropertyValueSpecification\",\"valueRequired\":true,\"valueName\":\"search_term_string\"}}],\"inLanguage\":\"en-US\"},{\"@type\":\"Organization\",\"@id\":\"https:\/\/ersaspen.com.tr\/#organization\",\"name\":\"Ersa\u015fpen\",\"url\":\"https:\/\/ersaspen.com.tr\/\",\"logo\":{\"@type\":\"ImageObject\",\"inLanguage\":\"en-US\",\"@id\":\"https:\/\/ersaspen.com.tr\/#\/schema\/logo\/image\/\",\"url\":\"https:\/\/ersaspen.com.tr\/wp-content\/uploads\/2024\/03\/ERSAS_PEN_LOGO.svg\",\"contentUrl\":\"https:\/\/ersaspen.com.tr\/wp-content\/uploads\/2024\/03\/ERSAS_PEN_LOGO.svg\",\"width\":401,\"height\":73,\"caption\":\"Ersa\u015fpen\"},\"image\":{\"@id\":\"https:\/\/ersaspen.com.tr\/#\/schema\/logo\/image\/\"}}]}<\/script>\n<!-- \/ Yoast SEO plugin. -->","yoast_head_json":{"title":"\u0130leti\u015fim -","robots":{"index":"index","follow":"follow","max-snippet":"max-snippet:-1","max-image-preview":"max-image-preview:large","max-video-preview":"max-video-preview:-1"},"canonical":"https:\/\/ersaspen.com.tr\/en\/contact\/","og_locale":"en_US","og_type":"article","og_title":"\u0130leti\u015fim -","og_description":"\u0130leti\u015fime Ge\u00e7 Bize Yaz\u0131n info@ersaspen.com.tr Bizi Aray\u0131n +90 (212) 674 12 14 \u0130ncirlik Sk. No: 11-15, PK 34050Ey\u00fcpsultan &#8211; \u0130stanbul -T\u00fcrkiye Tel: +90 (212) 674 12 14Fax: +90 (212) 674 12 17 Ergene 1 O.S.B Vak\u0131flar O.S.B Mah.Sanayi Cad. No: 19-1Ergene \/ Tekirda\u011f \/ T\u00dcRK\u0130YE Tel: 0 (282) 683 20 22Fax: 0 (282) 683 20...","og_url":"https:\/\/ersaspen.com.tr\/en\/contact\/","article_modified_time":"2026-04-17T11:17:07+00:00","twitter_card":"summary_large_image","twitter_misc":{"Est. reading time":"1 minute"},"schema":{"@context":"https:\/\/schema.org","@graph":[{"@type":"WebPage","@id":"https:\/\/ersaspen.com.tr\/iletisim\/","url":"https:\/\/ersaspen.com.tr\/iletisim\/","name":"\u0130leti\u015fim -","isPartOf":{"@id":"https:\/\/ersaspen.com.tr\/#website"},"datePublished":"2023-12-07T04:50:19+00:00","dateModified":"2026-04-17T11:17:07+00:00","breadcrumb":{"@id":"https:\/\/ersaspen.com.tr\/iletisim\/#breadcrumb"},"inLanguage":"en-US","potentialAction":[{"@type":"ReadAction","target":["https:\/\/ersaspen.com.tr\/iletisim\/"]}]},{"@type":"BreadcrumbList","@id":"https:\/\/ersaspen.com.tr\/iletisim\/#breadcrumb","itemListElement":[{"@type":"ListItem","position":1,"name":"Anasayfa","item":"https:\/\/ersaspen.com.tr\/"},{"@type":"ListItem","position":2,"name":"\u0130leti\u015fim"}]},{"@type":"WebSite","@id":"https:\/\/ersaspen.com.tr\/#website","url":"https:\/\/ersaspen.com.tr\/","name":"Ersa\u015fpen","description":"","publisher":{"@id":"https:\/\/ersaspen.com.tr\/#organization"},"potentialAction":[{"@type":"SearchAction","target":{"@type":"EntryPoint","urlTemplate":"https:\/\/ersaspen.com.tr\/?s={search_term_string}"},"query-input":{"@type":"PropertyValueSpecification","valueRequired":true,"valueName":"search_term_string"}}],"inLanguage":"en-US"},{"@type":"Organization","@id":"https:\/\/ersaspen.com.tr\/#organization","name":"Ersa\u015fpen","url":"https:\/\/ersaspen.com.tr\/","logo":{"@type":"ImageObject","inLanguage":"en-US","@id":"https:\/\/ersaspen.com.tr\/#\/schema\/logo\/image\/","url":"https:\/\/ersaspen.com.tr\/wp-content\/uploads\/2024\/03\/ERSAS_PEN_LOGO.svg","contentUrl":"https:\/\/ersaspen.com.tr\/wp-content\/uploads\/2024\/03\/ERSAS_PEN_LOGO.svg","width":401,"height":73,"caption":"Ersa\u015fpen"},"image":{"@id":"https:\/\/ersaspen.com.tr\/#\/schema\/logo\/image\/"}}]}},"_links":{"self":[{"href":"https:\/\/ersaspen.com.tr\/en\/wp-json\/wp\/v2\/pages\/4448","targetHints":{"allow":["GET"]}}],"collection":[{"href":"https:\/\/ersaspen.com.tr\/en\/wp-json\/wp\/v2\/pages"}],"about":[{"href":"https:\/\/ersaspen.com.tr\/en\/wp-json\/wp\/v2\/types\/page"}],"author":[{"embeddable":true,"href":"https:\/\/ersaspen.com.tr\/en\/wp-json\/wp\/v2\/users\/1"}],"replies":[{"embeddable":true,"href":"https:\/\/ersaspen.com.tr\/en\/wp-json\/wp\/v2\/comments?post=4448"}],"version-history":[{"count":9,"href":"https:\/\/ersaspen.com.tr\/en\/wp-json\/wp\/v2\/pages\/4448\/revisions"}],"predecessor-version":[{"id":12059,"href":"https:\/\/ersaspen.com.tr\/en\/wp-json\/wp\/v2\/pages\/4448\/revisions\/12059"}],"wp:attachment":[{"href":"https:\/\/ersaspen.com.tr\/en\/wp-json\/wp\/v2\/media?parent=4448"}],"curies":[{"name":"wp","href":"https:\/\/api.w.org\/{rel}","templated":true}]}}