{"id":4637,"date":"2023-12-07T06:42:45","date_gmt":"2023-12-07T06:42:45","guid":{"rendered":"https:\/\/innovat.themewant.com\/?page_id=4637"},"modified":"2025-01-11T08:55:10","modified_gmt":"2025-01-11T08:55:10","slug":"kvkk","status":"publish","type":"page","link":"https:\/\/ersaspen.com.tr\/en\/gdpr\/","title":{"rendered":"GDPR"},"content":{"rendered":"<div data-elementor-type=\"wp-page\" data-elementor-id=\"4637\" class=\"elementor elementor-4637\">\n\t\t\t\t<div class=\"elementor-element elementor-element-f3d17c8 e-flex e-con-boxed e-con e-parent\" data-id=\"f3d17c8\" data-element_type=\"container\">\n\t\t\t\t\t<div class=\"e-con-inner\">\n\t\t\t\t<div class=\"elementor-element elementor-element-8d78895 elementor-widget elementor-widget-text-editor\" data-id=\"8d78895\" data-element_type=\"widget\" data-widget_type=\"text-editor.default\">\n\t\t\t\t<div class=\"elementor-widget-container\">\n\t\t\t\t\t\t\t\t\t<p><strong>ERSA\u015ePEN KOMPOZ\u0130T PROF\u0130L SANAY\u0130 A.\u015e.&nbsp;<\/strong>As ERSA\u015ePEN we are committed to ensure the protection of your personal information. We are providing you with this information in accordance with our obligations under the Personal Data Protection Law No. 6698 and the principles of transparency and accountability. Through this text, you can access detailed information about how your personal information is used and your rights in this regard. In addition, in order to ensure awareness and transparency regarding the protection of personal data, \u201cERSA\u015ePEN KOMPOZ\u0130T PROF\u0130L SANAY\u0130 A.\u015e. We also present the Personal Data Protection and Processing Policy to you. In this regard, we would like to state that, in accordance with our corporate understanding and commitments, we will take the necessary care to use your personal information within the framework explained in detail below.<\/p>\n<p>It may be possible to update the Information Text at regular intervals as a result of changes in legal regulations or company policies. You can visit our page regularly to access the most up-to-date version of the text.<\/p>\n<p><a href=\"http:\/\/ersaspen.com.tr\/wp-content\/uploads\/2024\/07\/ERSASPEN-AYDINLATMA-METNI.pdf\" target=\"_blank\" rel=\"noopener\">\u00bb&nbsp;ERSA\u015ePEN AYDINLATMA METN\u0130<\/a><br><a href=\"http:\/\/ersaspen.com.tr\/wp-content\/uploads\/2024\/07\/ERSASPEN-KISISEL-VERILERIN-ISLENMESI-MUHAFAZASI-VE-IMHASI-HAKKINDA-POLITIKA.pdf\" target=\"_blank\" rel=\"noopener\">\u00bb&nbsp;ERSA\u015ePEN K\u0130\u015e\u0130SEL VER\u0130LER\u0130N \u0130\u015eLENMES\u0130, MUHAFAZASI ve \u0130MHASI HAKKINDA POL\u0130T\u0130KA<\/a><br><a href=\"http:\/\/ersaspen.com.tr\/wp-content\/uploads\/2024\/07\/ERSASPEN-KISISEL-VERI-SAHIBI-BASVURU-FORMU.pdf\" target=\"_blank\" rel=\"noopener\">\u00bb&nbsp;ERSA\u015ePEN K\u0130\u015e\u0130SEL VER\u0130 SAH\u0130B\u0130 BA\u015eVURU FORMU<\/a><br><a href=\"http:\/\/ersaspen.com.tr\/wp-content\/uploads\/2024\/07\/ERSASPEN-CEREZ-POLITIKASI.pdf\" target=\"_blank\" rel=\"noopener\">\u00bb&nbsp;ERSA\u015ePEN \u00c7EREZ POL\u0130T\u0130KASI<\/a><br><a href=\"http:\/\/ersaspen.com.tr\/wp-content\/uploads\/2024\/07\/ERSASPEN-CALISAN-ADAYI-AYDINLATMA-METNI.pdf\" target=\"_blank\" rel=\"noopener\">\u00bb&nbsp;ERSA\u015ePEN \u00c7ALI\u015eAN ADAYI AYDINLATMA METN<\/a>\u0130<\/p>\t\t\t\t\t\t\t\t<\/div>\n\t\t\t\t<\/div>\n\t\t\t\t\t<\/div>\n\t\t\t\t<\/div>\n\t\t\t\t<\/div>","protected":false},"excerpt":{"rendered":"<p>ERSA\u015ePEN KOMPOZ\u0130T PROF\u0130L SANAY\u0130 A.\u015e.\u00a0olarak ki\u015fisel bilgilerinizin korunmas\u0131n\u0131 sa\u011flayaca\u011f\u0131m\u0131z\u0131 taahh\u00fct ediyoruz. 6698 say\u0131l\u0131 Ki\u015fisel Verilerin Korunmas\u0131 Kanunu kapsam\u0131ndaki y\u00fck\u00fcml\u00fcl\u00fcklerimiz ile \u015feffafl\u0131k ve hesap verebilirlik ilkelerinin gere\u011fi olarak size bu bilgilendirmeyi yap\u0131yoruz. Bu metin arac\u0131l\u0131\u011f\u0131yla ki\u015fisel bilgilerinizin nas\u0131l kullan\u0131ld\u0131\u011f\u0131na ve bu konudaki haklar\u0131n\u0131za ili\u015fkin detayl\u0131 bilgilere ula\u015fabilirsiniz. Ayr\u0131ca ki\u015fisel verilerin korunmas\u0131na ili\u015fkin fark\u0131ndal\u0131\u011f\u0131n ve \u015feffafl\u0131\u011f\u0131n sa\u011flanmas\u0131&#8230;<\/p>","protected":false},"author":1,"featured_media":0,"parent":0,"menu_order":0,"comment_status":"closed","ping_status":"closed","template":"","meta":{"inline_featured_image":false,"footnotes":""},"class_list":["post-4637","page","type-page","status-publish","hentry"],"yoast_head":"<!-- This site is optimized with the Yoast SEO plugin v24.1 - https:\/\/yoast.com\/wordpress\/plugins\/seo\/ -->\n<title>KVKK -<\/title>\n<meta name=\"robots\" content=\"index, follow, max-snippet:-1, max-image-preview:large, max-video-preview:-1\" \/>\n<link rel=\"canonical\" href=\"https:\/\/ersaspen.com.tr\/en\/gdpr\/\" \/>\n<meta property=\"og:locale\" content=\"en_US\" \/>\n<meta property=\"og:type\" content=\"article\" \/>\n<meta property=\"og:title\" content=\"KVKK -\" \/>\n<meta property=\"og:description\" content=\"ERSA\u015ePEN KOMPOZ\u0130T PROF\u0130L SANAY\u0130 A.\u015e.\u00a0olarak ki\u015fisel bilgilerinizin korunmas\u0131n\u0131 sa\u011flayaca\u011f\u0131m\u0131z\u0131 taahh\u00fct ediyoruz. 6698 say\u0131l\u0131 Ki\u015fisel Verilerin Korunmas\u0131 Kanunu kapsam\u0131ndaki y\u00fck\u00fcml\u00fcl\u00fcklerimiz ile \u015feffafl\u0131k ve hesap verebilirlik ilkelerinin gere\u011fi olarak size bu bilgilendirmeyi yap\u0131yoruz. Bu metin arac\u0131l\u0131\u011f\u0131yla ki\u015fisel bilgilerinizin nas\u0131l kullan\u0131ld\u0131\u011f\u0131na ve bu konudaki haklar\u0131n\u0131za ili\u015fkin detayl\u0131 bilgilere ula\u015fabilirsiniz. Ayr\u0131ca ki\u015fisel verilerin korunmas\u0131na ili\u015fkin fark\u0131ndal\u0131\u011f\u0131n ve \u015feffafl\u0131\u011f\u0131n sa\u011flanmas\u0131...\" \/>\n<meta property=\"og:url\" content=\"https:\/\/ersaspen.com.tr\/en\/gdpr\/\" \/>\n<meta property=\"article:modified_time\" content=\"2025-01-11T08:55:10+00:00\" \/>\n<meta name=\"twitter:card\" content=\"summary_large_image\" \/>\n<meta name=\"twitter:label1\" content=\"Est. reading time\" \/>\n\t<meta name=\"twitter:data1\" content=\"1 minute\" \/>\n<script type=\"application\/ld+json\" class=\"yoast-schema-graph\">{\"@context\":\"https:\/\/schema.org\",\"@graph\":[{\"@type\":\"WebPage\",\"@id\":\"https:\/\/ersaspen.com.tr\/kvkk\/\",\"url\":\"https:\/\/ersaspen.com.tr\/kvkk\/\",\"name\":\"KVKK -\",\"isPartOf\":{\"@id\":\"https:\/\/ersaspen.com.tr\/#website\"},\"datePublished\":\"2023-12-07T06:42:45+00:00\",\"dateModified\":\"2025-01-11T08:55:10+00:00\",\"breadcrumb\":{\"@id\":\"https:\/\/ersaspen.com.tr\/kvkk\/#breadcrumb\"},\"inLanguage\":\"en-US\",\"potentialAction\":[{\"@type\":\"ReadAction\",\"target\":[\"https:\/\/ersaspen.com.tr\/kvkk\/\"]}]},{\"@type\":\"BreadcrumbList\",\"@id\":\"https:\/\/ersaspen.com.tr\/kvkk\/#breadcrumb\",\"itemListElement\":[{\"@type\":\"ListItem\",\"position\":1,\"name\":\"Anasayfa\",\"item\":\"https:\/\/ersaspen.com.tr\/\"},{\"@type\":\"ListItem\",\"position\":2,\"name\":\"KVKK\"}]},{\"@type\":\"WebSite\",\"@id\":\"https:\/\/ersaspen.com.tr\/#website\",\"url\":\"https:\/\/ersaspen.com.tr\/\",\"name\":\"Ersa\u015fpen\",\"description\":\"\",\"publisher\":{\"@id\":\"https:\/\/ersaspen.com.tr\/#organization\"},\"potentialAction\":[{\"@type\":\"SearchAction\",\"target\":{\"@type\":\"EntryPoint\",\"urlTemplate\":\"https:\/\/ersaspen.com.tr\/?s={search_term_string}\"},\"query-input\":{\"@type\":\"PropertyValueSpecification\",\"valueRequired\":true,\"valueName\":\"search_term_string\"}}],\"inLanguage\":\"en-US\"},{\"@type\":\"Organization\",\"@id\":\"https:\/\/ersaspen.com.tr\/#organization\",\"name\":\"Ersa\u015fpen\",\"url\":\"https:\/\/ersaspen.com.tr\/\",\"logo\":{\"@type\":\"ImageObject\",\"inLanguage\":\"en-US\",\"@id\":\"https:\/\/ersaspen.com.tr\/#\/schema\/logo\/image\/\",\"url\":\"https:\/\/ersaspen.com.tr\/wp-content\/uploads\/2024\/03\/ERSAS_PEN_LOGO.svg\",\"contentUrl\":\"https:\/\/ersaspen.com.tr\/wp-content\/uploads\/2024\/03\/ERSAS_PEN_LOGO.svg\",\"width\":401,\"height\":73,\"caption\":\"Ersa\u015fpen\"},\"image\":{\"@id\":\"https:\/\/ersaspen.com.tr\/#\/schema\/logo\/image\/\"}}]}<\/script>\n<!-- \/ Yoast SEO plugin. -->","yoast_head_json":{"title":"KVKK -","robots":{"index":"index","follow":"follow","max-snippet":"max-snippet:-1","max-image-preview":"max-image-preview:large","max-video-preview":"max-video-preview:-1"},"canonical":"https:\/\/ersaspen.com.tr\/en\/gdpr\/","og_locale":"en_US","og_type":"article","og_title":"KVKK -","og_description":"ERSA\u015ePEN KOMPOZ\u0130T PROF\u0130L SANAY\u0130 A.\u015e.\u00a0olarak ki\u015fisel bilgilerinizin korunmas\u0131n\u0131 sa\u011flayaca\u011f\u0131m\u0131z\u0131 taahh\u00fct ediyoruz. 6698 say\u0131l\u0131 Ki\u015fisel Verilerin Korunmas\u0131 Kanunu kapsam\u0131ndaki y\u00fck\u00fcml\u00fcl\u00fcklerimiz ile \u015feffafl\u0131k ve hesap verebilirlik ilkelerinin gere\u011fi olarak size bu bilgilendirmeyi yap\u0131yoruz. Bu metin arac\u0131l\u0131\u011f\u0131yla ki\u015fisel bilgilerinizin nas\u0131l kullan\u0131ld\u0131\u011f\u0131na ve bu konudaki haklar\u0131n\u0131za ili\u015fkin detayl\u0131 bilgilere ula\u015fabilirsiniz. Ayr\u0131ca ki\u015fisel verilerin korunmas\u0131na ili\u015fkin fark\u0131ndal\u0131\u011f\u0131n ve \u015feffafl\u0131\u011f\u0131n sa\u011flanmas\u0131...","og_url":"https:\/\/ersaspen.com.tr\/en\/gdpr\/","article_modified_time":"2025-01-11T08:55:10+00:00","twitter_card":"summary_large_image","twitter_misc":{"Est. reading time":"1 minute"},"schema":{"@context":"https:\/\/schema.org","@graph":[{"@type":"WebPage","@id":"https:\/\/ersaspen.com.tr\/kvkk\/","url":"https:\/\/ersaspen.com.tr\/kvkk\/","name":"KVKK -","isPartOf":{"@id":"https:\/\/ersaspen.com.tr\/#website"},"datePublished":"2023-12-07T06:42:45+00:00","dateModified":"2025-01-11T08:55:10+00:00","breadcrumb":{"@id":"https:\/\/ersaspen.com.tr\/kvkk\/#breadcrumb"},"inLanguage":"en-US","potentialAction":[{"@type":"ReadAction","target":["https:\/\/ersaspen.com.tr\/kvkk\/"]}]},{"@type":"BreadcrumbList","@id":"https:\/\/ersaspen.com.tr\/kvkk\/#breadcrumb","itemListElement":[{"@type":"ListItem","position":1,"name":"Anasayfa","item":"https:\/\/ersaspen.com.tr\/"},{"@type":"ListItem","position":2,"name":"KVKK"}]},{"@type":"WebSite","@id":"https:\/\/ersaspen.com.tr\/#website","url":"https:\/\/ersaspen.com.tr\/","name":"Ersa\u015fpen","description":"","publisher":{"@id":"https:\/\/ersaspen.com.tr\/#organization"},"potentialAction":[{"@type":"SearchAction","target":{"@type":"EntryPoint","urlTemplate":"https:\/\/ersaspen.com.tr\/?s={search_term_string}"},"query-input":{"@type":"PropertyValueSpecification","valueRequired":true,"valueName":"search_term_string"}}],"inLanguage":"en-US"},{"@type":"Organization","@id":"https:\/\/ersaspen.com.tr\/#organization","name":"Ersa\u015fpen","url":"https:\/\/ersaspen.com.tr\/","logo":{"@type":"ImageObject","inLanguage":"en-US","@id":"https:\/\/ersaspen.com.tr\/#\/schema\/logo\/image\/","url":"https:\/\/ersaspen.com.tr\/wp-content\/uploads\/2024\/03\/ERSAS_PEN_LOGO.svg","contentUrl":"https:\/\/ersaspen.com.tr\/wp-content\/uploads\/2024\/03\/ERSAS_PEN_LOGO.svg","width":401,"height":73,"caption":"Ersa\u015fpen"},"image":{"@id":"https:\/\/ersaspen.com.tr\/#\/schema\/logo\/image\/"}}]}},"_links":{"self":[{"href":"https:\/\/ersaspen.com.tr\/en\/wp-json\/wp\/v2\/pages\/4637","targetHints":{"allow":["GET"]}}],"collection":[{"href":"https:\/\/ersaspen.com.tr\/en\/wp-json\/wp\/v2\/pages"}],"about":[{"href":"https:\/\/ersaspen.com.tr\/en\/wp-json\/wp\/v2\/types\/page"}],"author":[{"embeddable":true,"href":"https:\/\/ersaspen.com.tr\/en\/wp-json\/wp\/v2\/users\/1"}],"replies":[{"embeddable":true,"href":"https:\/\/ersaspen.com.tr\/en\/wp-json\/wp\/v2\/comments?post=4637"}],"version-history":[{"count":0,"href":"https:\/\/ersaspen.com.tr\/en\/wp-json\/wp\/v2\/pages\/4637\/revisions"}],"wp:attachment":[{"href":"https:\/\/ersaspen.com.tr\/en\/wp-json\/wp\/v2\/media?parent=4637"}],"curies":[{"name":"wp","href":"https:\/\/api.w.org\/{rel}","templated":true}]}}