{"id":8726,"date":"2024-03-24T13:24:25","date_gmt":"2024-03-24T13:24:25","guid":{"rendered":"http:\/\/ersaspen.com.tr\/?page_id=8726"},"modified":"2025-01-11T08:53:11","modified_gmt":"2025-01-11T08:53:11","slug":"insan-kaynaklari-politikamiz","status":"publish","type":"page","link":"https:\/\/ersaspen.com.tr\/en\/human-resources-policy\/","title":{"rendered":"Our Human Resources Vision and Policy"},"content":{"rendered":"<div data-elementor-type=\"wp-page\" data-elementor-id=\"8726\" class=\"elementor elementor-8726\">\n\t\t\t\t<div class=\"elementor-element elementor-element-6458d41 e-flex e-con-boxed e-con e-parent\" data-id=\"6458d41\" data-element_type=\"container\" data-settings=\"{&quot;background_background&quot;:&quot;classic&quot;}\">\n\t\t\t\t\t<div class=\"e-con-inner\">\n\t\t\t\t<div class=\"elementor-element elementor-element-84ce25e elementor-widget elementor-widget-heading\" data-id=\"84ce25e\" data-element_type=\"widget\" data-widget_type=\"heading.default\">\n\t\t\t\t<div class=\"elementor-widget-container\">\n\t\t\t\t\t<h2 class=\"elementor-heading-title elementor-size-default\">Our HR Policy<\/h2>\t\t\t\t<\/div>\n\t\t\t\t<\/div>\n\t\t\t\t\t<\/div>\n\t\t\t\t<\/div>\n\t\t<div class=\"elementor-element elementor-element-d55bb39 e-flex e-con-boxed e-con e-parent\" data-id=\"d55bb39\" data-element_type=\"container\">\n\t\t\t\t\t<div class=\"e-con-inner\">\n\t\t<div class=\"elementor-element elementor-element-24cf95c e-con-full e-flex e-con e-child\" data-id=\"24cf95c\" data-element_type=\"container\">\n\t\t\t\t<div class=\"elementor-element elementor-element-dd8b145 elementor-widget elementor-widget-text-editor\" data-id=\"dd8b145\" data-element_type=\"widget\" data-widget_type=\"text-editor.default\">\n\t\t\t\t<div class=\"elementor-widget-container\">\n\t\t\t\t\t\t\t\t\t<p>Our Human Resources Policy embraces offering a business culture focused on respect, participation and value to our employees in line with our company goals. Acting with the principle of equality against discrimination, we support the development of employees and offer a fair performance evaluation and compensation system.<\/p><p>We offer a work environment where people who want to work with people who share our company's vision, aim for continuous development, and believe in equality and customer satisfaction can use their potential in the most effective way.<\/p>\t\t\t\t\t\t\t\t<\/div>\n\t\t\t\t<\/div>\n\t\t\t\t<\/div>\n\t\t<div class=\"elementor-element elementor-element-3677e59 e-con-full e-flex e-con e-child\" data-id=\"3677e59\" data-element_type=\"container\">\n\t\t\t\t<div class=\"elementor-element elementor-element-35ea27b elementor-widget elementor-widget-image\" data-id=\"35ea27b\" data-element_type=\"widget\" data-widget_type=\"image.default\">\n\t\t\t\t<div class=\"elementor-widget-container\">\n\t\t\t\t\t\t\t\t\t\t\t\t\t\t\t<img fetchpriority=\"high\" decoding=\"async\" width=\"640\" height=\"427\" src=\"https:\/\/ersaspen.com.tr\/wp-content\/uploads\/2025\/01\/IK-Politikamiz-02.webp\" class=\"attachment-large size-large wp-image-11420\" alt=\"\" srcset=\"https:\/\/ersaspen.com.tr\/wp-content\/uploads\/2025\/01\/IK-Politikamiz-02.webp 768w, https:\/\/ersaspen.com.tr\/wp-content\/uploads\/2025\/01\/IK-Politikamiz-02-300x200.webp 300w, https:\/\/ersaspen.com.tr\/wp-content\/uploads\/2025\/01\/IK-Politikamiz-02-18x12.webp 18w, https:\/\/ersaspen.com.tr\/wp-content\/uploads\/2025\/01\/IK-Politikamiz-02-200x133.webp 200w\" sizes=\"(max-width: 640px) 100vw, 640px\" \/>\t\t\t\t\t\t\t\t\t\t\t\t\t\t\t<\/div>\n\t\t\t\t<\/div>\n\t\t\t\t<\/div>\n\t\t\t\t\t<\/div>\n\t\t\t\t<\/div>\n\t\t<div class=\"elementor-element elementor-element-f5aba29 e-flex e-con-boxed e-con e-parent\" data-id=\"f5aba29\" data-element_type=\"container\" data-settings=\"{&quot;background_background&quot;:&quot;classic&quot;}\">\n\t\t\t\t\t<div class=\"e-con-inner\">\n\t\t\t\t<div class=\"elementor-element elementor-element-52a02b7 elementor-widget elementor-widget-heading\" data-id=\"52a02b7\" data-element_type=\"widget\" data-widget_type=\"heading.default\">\n\t\t\t\t<div class=\"elementor-widget-container\">\n\t\t\t\t\t<h2 class=\"elementor-heading-title elementor-size-default\">Our HR Vision<\/h2>\t\t\t\t<\/div>\n\t\t\t\t<\/div>\n\t\t\t\t\t<\/div>\n\t\t\t\t<\/div>\n\t\t<div class=\"elementor-element elementor-element-49f9527 e-flex e-con-boxed e-con e-parent\" data-id=\"49f9527\" data-element_type=\"container\">\n\t\t\t\t\t<div class=\"e-con-inner\">\n\t\t<div class=\"elementor-element elementor-element-1ed2336 e-con-full e-flex e-con e-child\" data-id=\"1ed2336\" data-element_type=\"container\">\n\t\t\t\t<div class=\"elementor-element elementor-element-390802d elementor-widget elementor-widget-text-editor\" data-id=\"390802d\" data-element_type=\"widget\" data-widget_type=\"text-editor.default\">\n\t\t\t\t<div class=\"elementor-widget-container\">\n\t\t\t\t\t\t\t\t\t<div class=\"elementor-element elementor-element-b4eb999 elementor-widget elementor-widget-text-editor\" data-id=\"b4eb999\" data-element_type=\"widget\" data-widget_type=\"text-editor.default\"><div class=\"elementor-widget-container\"><p>Our goal is to ensure that our employees feel valued, to use their potential correctly and effectively by providing a work environment that embraces our company's goals, principles and principles, contributes, has career goals, is open to development, believes in customer satisfaction and is based on equality.<\/p><\/div><\/div>\t\t\t\t\t\t\t\t<\/div>\n\t\t\t\t<\/div>\n\t\t\t\t<\/div>\n\t\t<div class=\"elementor-element elementor-element-34428c8 e-con-full e-flex e-con e-child\" data-id=\"34428c8\" data-element_type=\"container\">\n\t\t\t\t<div class=\"elementor-element elementor-element-1e598a2 elementor-widget elementor-widget-image\" data-id=\"1e598a2\" data-element_type=\"widget\" data-widget_type=\"image.default\">\n\t\t\t\t<div class=\"elementor-widget-container\">\n\t\t\t\t\t\t\t\t\t\t\t\t\t\t\t<img decoding=\"async\" width=\"640\" height=\"428\" src=\"https:\/\/ersaspen.com.tr\/wp-content\/uploads\/2025\/01\/IK-Politikamiz-01.webp\" class=\"attachment-large size-large wp-image-11421\" alt=\"\" srcset=\"https:\/\/ersaspen.com.tr\/wp-content\/uploads\/2025\/01\/IK-Politikamiz-01.webp 768w, https:\/\/ersaspen.com.tr\/wp-content\/uploads\/2025\/01\/IK-Politikamiz-01-300x200.webp 300w, https:\/\/ersaspen.com.tr\/wp-content\/uploads\/2025\/01\/IK-Politikamiz-01-18x12.webp 18w, https:\/\/ersaspen.com.tr\/wp-content\/uploads\/2025\/01\/IK-Politikamiz-01-200x134.webp 200w\" sizes=\"(max-width: 640px) 100vw, 640px\" \/>\t\t\t\t\t\t\t\t\t\t\t\t\t\t\t<\/div>\n\t\t\t\t<\/div>\n\t\t\t\t<\/div>\n\t\t\t\t\t<\/div>\n\t\t\t\t<\/div>\n\t\t\t\t<\/div>","protected":false},"excerpt":{"rendered":"<p>\u0130K Politikam\u0131z \u0130nsan Kaynaklar\u0131 Politikam\u0131z, \u015firket hedeflerimizle uyumlu olarak \u00e7al\u0131\u015fanlar\u0131m\u0131za sayg\u0131, kat\u0131l\u0131m ve de\u011fer odakl\u0131 bir i\u015f k\u00fclt\u00fcr\u00fc sunmay\u0131 benimsiyor. Ayr\u0131mc\u0131l\u0131\u011fa kar\u015f\u0131 e\u015fitlik ilkesiyle hareket ederek \u00e7al\u0131\u015fanlar\u0131n geli\u015fimine destek veriyor, adil bir performans de\u011ferlendirmesi ve \u00fccretlendirme sistemi sunuyoruz. \u015eirketimizin vizyonunu payla\u015fan, s\u00fcrekli geli\u015fimi hedefleyen, e\u015fitlik ve m\u00fc\u015fteri memnuniyetine inanan ki\u015filerle \u00e7al\u0131\u015fmak isteyenleri ekibimize kazand\u0131rarak potansiyellerini&#8230;<\/p>","protected":false},"author":1,"featured_media":0,"parent":0,"menu_order":0,"comment_status":"closed","ping_status":"closed","template":"","meta":{"inline_featured_image":false,"footnotes":""},"class_list":["post-8726","page","type-page","status-publish","hentry"],"yoast_head":"<!-- This site is optimized with the Yoast SEO plugin v24.1 - https:\/\/yoast.com\/wordpress\/plugins\/seo\/ -->\n<title>\u0130nsan Kaynaklar\u0131 Vizyonumuz ve Politikam\u0131z -<\/title>\n<meta name=\"robots\" content=\"index, follow, max-snippet:-1, max-image-preview:large, max-video-preview:-1\" \/>\n<link rel=\"canonical\" href=\"https:\/\/ersaspen.com.tr\/en\/human-resources-policy\/\" \/>\n<meta property=\"og:locale\" content=\"en_US\" \/>\n<meta property=\"og:type\" content=\"article\" \/>\n<meta property=\"og:title\" content=\"\u0130nsan Kaynaklar\u0131 Vizyonumuz ve Politikam\u0131z -\" \/>\n<meta property=\"og:description\" content=\"\u0130K Politikam\u0131z \u0130nsan Kaynaklar\u0131 Politikam\u0131z, \u015firket hedeflerimizle uyumlu olarak \u00e7al\u0131\u015fanlar\u0131m\u0131za sayg\u0131, kat\u0131l\u0131m ve de\u011fer odakl\u0131 bir i\u015f k\u00fclt\u00fcr\u00fc sunmay\u0131 benimsiyor. Ayr\u0131mc\u0131l\u0131\u011fa kar\u015f\u0131 e\u015fitlik ilkesiyle hareket ederek \u00e7al\u0131\u015fanlar\u0131n geli\u015fimine destek veriyor, adil bir performans de\u011ferlendirmesi ve \u00fccretlendirme sistemi sunuyoruz. \u015eirketimizin vizyonunu payla\u015fan, s\u00fcrekli geli\u015fimi hedefleyen, e\u015fitlik ve m\u00fc\u015fteri memnuniyetine inanan ki\u015filerle \u00e7al\u0131\u015fmak isteyenleri ekibimize kazand\u0131rarak potansiyellerini...\" \/>\n<meta property=\"og:url\" content=\"https:\/\/ersaspen.com.tr\/en\/human-resources-policy\/\" \/>\n<meta property=\"article:modified_time\" content=\"2025-01-11T08:53:11+00:00\" \/>\n<meta property=\"og:image\" content=\"http:\/\/ersaspen.com.tr\/wp-content\/uploads\/2025\/01\/IK-Politikamiz-02.webp\" \/>\n<meta name=\"twitter:card\" content=\"summary_large_image\" \/>\n<meta name=\"twitter:label1\" content=\"Est. reading time\" \/>\n\t<meta name=\"twitter:data1\" content=\"2 minutes\" \/>\n<script type=\"application\/ld+json\" class=\"yoast-schema-graph\">{\"@context\":\"https:\/\/schema.org\",\"@graph\":[{\"@type\":\"WebPage\",\"@id\":\"https:\/\/ersaspen.com.tr\/insan-kaynaklari-politikamiz\/\",\"url\":\"https:\/\/ersaspen.com.tr\/insan-kaynaklari-politikamiz\/\",\"name\":\"\u0130nsan Kaynaklar\u0131 Vizyonumuz ve Politikam\u0131z -\",\"isPartOf\":{\"@id\":\"https:\/\/ersaspen.com.tr\/#website\"},\"primaryImageOfPage\":{\"@id\":\"https:\/\/ersaspen.com.tr\/insan-kaynaklari-politikamiz\/#primaryimage\"},\"image\":{\"@id\":\"https:\/\/ersaspen.com.tr\/insan-kaynaklari-politikamiz\/#primaryimage\"},\"thumbnailUrl\":\"http:\/\/ersaspen.com.tr\/wp-content\/uploads\/2025\/01\/IK-Politikamiz-02.webp\",\"datePublished\":\"2024-03-24T13:24:25+00:00\",\"dateModified\":\"2025-01-11T08:53:11+00:00\",\"breadcrumb\":{\"@id\":\"https:\/\/ersaspen.com.tr\/insan-kaynaklari-politikamiz\/#breadcrumb\"},\"inLanguage\":\"en-US\",\"potentialAction\":[{\"@type\":\"ReadAction\",\"target\":[\"https:\/\/ersaspen.com.tr\/insan-kaynaklari-politikamiz\/\"]}]},{\"@type\":\"ImageObject\",\"inLanguage\":\"en-US\",\"@id\":\"https:\/\/ersaspen.com.tr\/insan-kaynaklari-politikamiz\/#primaryimage\",\"url\":\"http:\/\/ersaspen.com.tr\/wp-content\/uploads\/2025\/01\/IK-Politikamiz-02.webp\",\"contentUrl\":\"http:\/\/ersaspen.com.tr\/wp-content\/uploads\/2025\/01\/IK-Politikamiz-02.webp\"},{\"@type\":\"BreadcrumbList\",\"@id\":\"https:\/\/ersaspen.com.tr\/insan-kaynaklari-politikamiz\/#breadcrumb\",\"itemListElement\":[{\"@type\":\"ListItem\",\"position\":1,\"name\":\"Anasayfa\",\"item\":\"https:\/\/ersaspen.com.tr\/\"},{\"@type\":\"ListItem\",\"position\":2,\"name\":\"\u0130nsan Kaynaklar\u0131 Vizyonumuz ve Politikam\u0131z\"}]},{\"@type\":\"WebSite\",\"@id\":\"https:\/\/ersaspen.com.tr\/#website\",\"url\":\"https:\/\/ersaspen.com.tr\/\",\"name\":\"Ersa\u015fpen\",\"description\":\"\",\"publisher\":{\"@id\":\"https:\/\/ersaspen.com.tr\/#organization\"},\"potentialAction\":[{\"@type\":\"SearchAction\",\"target\":{\"@type\":\"EntryPoint\",\"urlTemplate\":\"https:\/\/ersaspen.com.tr\/?s={search_term_string}\"},\"query-input\":{\"@type\":\"PropertyValueSpecification\",\"valueRequired\":true,\"valueName\":\"search_term_string\"}}],\"inLanguage\":\"en-US\"},{\"@type\":\"Organization\",\"@id\":\"https:\/\/ersaspen.com.tr\/#organization\",\"name\":\"Ersa\u015fpen\",\"url\":\"https:\/\/ersaspen.com.tr\/\",\"logo\":{\"@type\":\"ImageObject\",\"inLanguage\":\"en-US\",\"@id\":\"https:\/\/ersaspen.com.tr\/#\/schema\/logo\/image\/\",\"url\":\"https:\/\/ersaspen.com.tr\/wp-content\/uploads\/2024\/03\/ERSAS_PEN_LOGO.svg\",\"contentUrl\":\"https:\/\/ersaspen.com.tr\/wp-content\/uploads\/2024\/03\/ERSAS_PEN_LOGO.svg\",\"width\":401,\"height\":73,\"caption\":\"Ersa\u015fpen\"},\"image\":{\"@id\":\"https:\/\/ersaspen.com.tr\/#\/schema\/logo\/image\/\"}}]}<\/script>\n<!-- \/ Yoast SEO plugin. -->","yoast_head_json":{"title":"\u0130nsan Kaynaklar\u0131 Vizyonumuz ve Politikam\u0131z -","robots":{"index":"index","follow":"follow","max-snippet":"max-snippet:-1","max-image-preview":"max-image-preview:large","max-video-preview":"max-video-preview:-1"},"canonical":"https:\/\/ersaspen.com.tr\/en\/human-resources-policy\/","og_locale":"en_US","og_type":"article","og_title":"\u0130nsan Kaynaklar\u0131 Vizyonumuz ve Politikam\u0131z -","og_description":"\u0130K Politikam\u0131z \u0130nsan Kaynaklar\u0131 Politikam\u0131z, \u015firket hedeflerimizle uyumlu olarak \u00e7al\u0131\u015fanlar\u0131m\u0131za sayg\u0131, kat\u0131l\u0131m ve de\u011fer odakl\u0131 bir i\u015f k\u00fclt\u00fcr\u00fc sunmay\u0131 benimsiyor. Ayr\u0131mc\u0131l\u0131\u011fa kar\u015f\u0131 e\u015fitlik ilkesiyle hareket ederek \u00e7al\u0131\u015fanlar\u0131n geli\u015fimine destek veriyor, adil bir performans de\u011ferlendirmesi ve \u00fccretlendirme sistemi sunuyoruz. \u015eirketimizin vizyonunu payla\u015fan, s\u00fcrekli geli\u015fimi hedefleyen, e\u015fitlik ve m\u00fc\u015fteri memnuniyetine inanan ki\u015filerle \u00e7al\u0131\u015fmak isteyenleri ekibimize kazand\u0131rarak potansiyellerini...","og_url":"https:\/\/ersaspen.com.tr\/en\/human-resources-policy\/","article_modified_time":"2025-01-11T08:53:11+00:00","og_image":[{"url":"http:\/\/ersaspen.com.tr\/wp-content\/uploads\/2025\/01\/IK-Politikamiz-02.webp","type":"","width":"","height":""}],"twitter_card":"summary_large_image","twitter_misc":{"Est. reading time":"2 minutes"},"schema":{"@context":"https:\/\/schema.org","@graph":[{"@type":"WebPage","@id":"https:\/\/ersaspen.com.tr\/insan-kaynaklari-politikamiz\/","url":"https:\/\/ersaspen.com.tr\/insan-kaynaklari-politikamiz\/","name":"\u0130nsan Kaynaklar\u0131 Vizyonumuz ve Politikam\u0131z -","isPartOf":{"@id":"https:\/\/ersaspen.com.tr\/#website"},"primaryImageOfPage":{"@id":"https:\/\/ersaspen.com.tr\/insan-kaynaklari-politikamiz\/#primaryimage"},"image":{"@id":"https:\/\/ersaspen.com.tr\/insan-kaynaklari-politikamiz\/#primaryimage"},"thumbnailUrl":"http:\/\/ersaspen.com.tr\/wp-content\/uploads\/2025\/01\/IK-Politikamiz-02.webp","datePublished":"2024-03-24T13:24:25+00:00","dateModified":"2025-01-11T08:53:11+00:00","breadcrumb":{"@id":"https:\/\/ersaspen.com.tr\/insan-kaynaklari-politikamiz\/#breadcrumb"},"inLanguage":"en-US","potentialAction":[{"@type":"ReadAction","target":["https:\/\/ersaspen.com.tr\/insan-kaynaklari-politikamiz\/"]}]},{"@type":"ImageObject","inLanguage":"en-US","@id":"https:\/\/ersaspen.com.tr\/insan-kaynaklari-politikamiz\/#primaryimage","url":"http:\/\/ersaspen.com.tr\/wp-content\/uploads\/2025\/01\/IK-Politikamiz-02.webp","contentUrl":"http:\/\/ersaspen.com.tr\/wp-content\/uploads\/2025\/01\/IK-Politikamiz-02.webp"},{"@type":"BreadcrumbList","@id":"https:\/\/ersaspen.com.tr\/insan-kaynaklari-politikamiz\/#breadcrumb","itemListElement":[{"@type":"ListItem","position":1,"name":"Anasayfa","item":"https:\/\/ersaspen.com.tr\/"},{"@type":"ListItem","position":2,"name":"\u0130nsan Kaynaklar\u0131 Vizyonumuz ve Politikam\u0131z"}]},{"@type":"WebSite","@id":"https:\/\/ersaspen.com.tr\/#website","url":"https:\/\/ersaspen.com.tr\/","name":"Ersa\u015fpen","description":"","publisher":{"@id":"https:\/\/ersaspen.com.tr\/#organization"},"potentialAction":[{"@type":"SearchAction","target":{"@type":"EntryPoint","urlTemplate":"https:\/\/ersaspen.com.tr\/?s={search_term_string}"},"query-input":{"@type":"PropertyValueSpecification","valueRequired":true,"valueName":"search_term_string"}}],"inLanguage":"en-US"},{"@type":"Organization","@id":"https:\/\/ersaspen.com.tr\/#organization","name":"Ersa\u015fpen","url":"https:\/\/ersaspen.com.tr\/","logo":{"@type":"ImageObject","inLanguage":"en-US","@id":"https:\/\/ersaspen.com.tr\/#\/schema\/logo\/image\/","url":"https:\/\/ersaspen.com.tr\/wp-content\/uploads\/2024\/03\/ERSAS_PEN_LOGO.svg","contentUrl":"https:\/\/ersaspen.com.tr\/wp-content\/uploads\/2024\/03\/ERSAS_PEN_LOGO.svg","width":401,"height":73,"caption":"Ersa\u015fpen"},"image":{"@id":"https:\/\/ersaspen.com.tr\/#\/schema\/logo\/image\/"}}]}},"_links":{"self":[{"href":"https:\/\/ersaspen.com.tr\/en\/wp-json\/wp\/v2\/pages\/8726","targetHints":{"allow":["GET"]}}],"collection":[{"href":"https:\/\/ersaspen.com.tr\/en\/wp-json\/wp\/v2\/pages"}],"about":[{"href":"https:\/\/ersaspen.com.tr\/en\/wp-json\/wp\/v2\/types\/page"}],"author":[{"embeddable":true,"href":"https:\/\/ersaspen.com.tr\/en\/wp-json\/wp\/v2\/users\/1"}],"replies":[{"embeddable":true,"href":"https:\/\/ersaspen.com.tr\/en\/wp-json\/wp\/v2\/comments?post=8726"}],"version-history":[{"count":0,"href":"https:\/\/ersaspen.com.tr\/en\/wp-json\/wp\/v2\/pages\/8726\/revisions"}],"wp:attachment":[{"href":"https:\/\/ersaspen.com.tr\/en\/wp-json\/wp\/v2\/media?parent=8726"}],"curies":[{"name":"wp","href":"https:\/\/api.w.org\/{rel}","templated":true}]}}