{"id":8734,"date":"2024-03-24T13:26:03","date_gmt":"2024-03-24T13:26:03","guid":{"rendered":"http:\/\/ersaspen.com.tr\/?page_id=8734"},"modified":"2025-01-11T08:47:26","modified_gmt":"2025-01-11T08:47:26","slug":"surdurulebilirlik","status":"publish","type":"page","link":"https:\/\/ersaspen.com.tr\/en\/sustainability\/","title":{"rendered":"Sustainability"},"content":{"rendered":"<div data-elementor-type=\"wp-page\" data-elementor-id=\"8734\" class=\"elementor elementor-8734\">\n\t\t\t\t<div class=\"elementor-element elementor-element-27a0113 e-flex e-con-boxed e-con e-parent\" data-id=\"27a0113\" data-element_type=\"container\">\n\t\t\t\t\t<div class=\"e-con-inner\">\n\t\t<div class=\"elementor-element elementor-element-d2842e3 e-con-full e-flex e-con e-child\" data-id=\"d2842e3\" data-element_type=\"container\">\n\t\t\t\t<div class=\"elementor-element elementor-element-e0f4de2 elementor-widget elementor-widget-text-editor\" data-id=\"e0f4de2\" data-element_type=\"widget\" data-widget_type=\"text-editor.default\">\n\t\t\t\t<div class=\"elementor-widget-container\">\n\t\t\t\t\t\t\t\t\t<p>We are continually expanding our horizons to discover innovative strategies to create a sustainable world that benefits future generations. Since the environment we live in significantly contributes to our success, we believe in preserving it and promoting sustainable practices within the industry.<\/p><p>By embracing sustainability today, we are ensuring a healthier and more resourceful planet for the wellbeing of future generations<\/p>\t\t\t\t\t\t\t\t<\/div>\n\t\t\t\t<\/div>\n\t\t\t\t<\/div>\n\t\t<div class=\"elementor-element elementor-element-605fcca e-con-full e-flex e-con e-child\" data-id=\"605fcca\" data-element_type=\"container\">\n\t\t\t\t<div class=\"elementor-element elementor-element-7c2265f elementor-widget elementor-widget-image\" data-id=\"7c2265f\" data-element_type=\"widget\" data-widget_type=\"image.default\">\n\t\t\t\t<div class=\"elementor-widget-container\">\n\t\t\t\t\t\t\t\t\t\t\t\t\t\t\t<img fetchpriority=\"high\" decoding=\"async\" width=\"800\" height=\"533\" src=\"https:\/\/ersaspen.com.tr\/wp-content\/uploads\/2025\/01\/Surdurulebilirlik-Gorsel.webp\" class=\"attachment-full size-full wp-image-11414\" alt=\"\" srcset=\"https:\/\/ersaspen.com.tr\/wp-content\/uploads\/2025\/01\/Surdurulebilirlik-Gorsel.webp 800w, https:\/\/ersaspen.com.tr\/wp-content\/uploads\/2025\/01\/Surdurulebilirlik-Gorsel-300x200.webp 300w, https:\/\/ersaspen.com.tr\/wp-content\/uploads\/2025\/01\/Surdurulebilirlik-Gorsel-768x512.webp 768w, https:\/\/ersaspen.com.tr\/wp-content\/uploads\/2025\/01\/Surdurulebilirlik-Gorsel-18x12.webp 18w, https:\/\/ersaspen.com.tr\/wp-content\/uploads\/2025\/01\/Surdurulebilirlik-Gorsel-604x401.webp 604w, https:\/\/ersaspen.com.tr\/wp-content\/uploads\/2025\/01\/Surdurulebilirlik-Gorsel-200x133.webp 200w\" sizes=\"(max-width: 800px) 100vw, 800px\" \/>\t\t\t\t\t\t\t\t\t\t\t\t\t\t\t<\/div>\n\t\t\t\t<\/div>\n\t\t\t\t<\/div>\n\t\t\t\t\t<\/div>\n\t\t\t\t<\/div>\n\t\t\t\t<\/div>","protected":false},"excerpt":{"rendered":"<p>\u00dcretim ve t\u00fcketim s\u00fcre\u00e7lerimizde do\u011fal kaynaklar\u0131 dikkate al\u0131yor, ekonomik de\u011fer olu\u015ftururken \u00e7evreyi koruma bilinciyle hareket ediyoruz. Ticari faaliyetlerimizi s\u00fcrd\u00fcr\u00fclebilirlik ilkeleri do\u011frultusunda, uzun vadeli ve verimli stratejiler geli\u015ftirerek s\u00fcrd\u00fcr\u00fcyoruz. Bu do\u011frultuda PVC sekt\u00f6r\u00fcnde yenilik\u00e7i \u00e7\u00f6z\u00fcmler \u00fcretirken \u00e7evresel etkileri de minimize ederek gelecek nesillere sa\u011fl\u0131kl\u0131 bir \u00e7evre b\u0131rakmay\u0131 ama\u00e7l\u0131yoruz.<\/p>","protected":false},"author":1,"featured_media":0,"parent":0,"menu_order":0,"comment_status":"closed","ping_status":"closed","template":"","meta":{"inline_featured_image":false,"footnotes":""},"class_list":["post-8734","page","type-page","status-publish","hentry"],"yoast_head":"<!-- This site is optimized with the Yoast SEO plugin v24.1 - https:\/\/yoast.com\/wordpress\/plugins\/seo\/ -->\n<title>S\u00fcrd\u00fcr\u00fclebilirlik -<\/title>\n<meta name=\"robots\" content=\"index, follow, max-snippet:-1, max-image-preview:large, max-video-preview:-1\" \/>\n<link rel=\"canonical\" href=\"https:\/\/ersaspen.com.tr\/en\/sustainability\/\" \/>\n<meta property=\"og:locale\" content=\"en_US\" \/>\n<meta property=\"og:type\" content=\"article\" \/>\n<meta property=\"og:title\" content=\"S\u00fcrd\u00fcr\u00fclebilirlik -\" \/>\n<meta property=\"og:description\" content=\"\u00dcretim ve t\u00fcketim s\u00fcre\u00e7lerimizde do\u011fal kaynaklar\u0131 dikkate al\u0131yor, ekonomik de\u011fer olu\u015ftururken \u00e7evreyi koruma bilinciyle hareket ediyoruz. Ticari faaliyetlerimizi s\u00fcrd\u00fcr\u00fclebilirlik ilkeleri do\u011frultusunda, uzun vadeli ve verimli stratejiler geli\u015ftirerek s\u00fcrd\u00fcr\u00fcyoruz. Bu do\u011frultuda PVC sekt\u00f6r\u00fcnde yenilik\u00e7i \u00e7\u00f6z\u00fcmler \u00fcretirken \u00e7evresel etkileri de minimize ederek gelecek nesillere sa\u011fl\u0131kl\u0131 bir \u00e7evre b\u0131rakmay\u0131 ama\u00e7l\u0131yoruz.\" \/>\n<meta property=\"og:url\" content=\"https:\/\/ersaspen.com.tr\/en\/sustainability\/\" \/>\n<meta property=\"article:modified_time\" content=\"2025-01-11T08:47:26+00:00\" \/>\n<meta property=\"og:image\" content=\"http:\/\/ersaspen.com.tr\/wp-content\/uploads\/2025\/01\/Surdurulebilirlik-Gorsel.webp\" \/>\n<meta name=\"twitter:card\" content=\"summary_large_image\" \/>\n<meta name=\"twitter:label1\" content=\"Est. reading time\" \/>\n\t<meta name=\"twitter:data1\" content=\"1 minute\" \/>\n<script type=\"application\/ld+json\" class=\"yoast-schema-graph\">{\"@context\":\"https:\/\/schema.org\",\"@graph\":[{\"@type\":\"WebPage\",\"@id\":\"https:\/\/ersaspen.com.tr\/surdurulebilirlik\/\",\"url\":\"https:\/\/ersaspen.com.tr\/surdurulebilirlik\/\",\"name\":\"S\u00fcrd\u00fcr\u00fclebilirlik -\",\"isPartOf\":{\"@id\":\"https:\/\/ersaspen.com.tr\/#website\"},\"primaryImageOfPage\":{\"@id\":\"https:\/\/ersaspen.com.tr\/surdurulebilirlik\/#primaryimage\"},\"image\":{\"@id\":\"https:\/\/ersaspen.com.tr\/surdurulebilirlik\/#primaryimage\"},\"thumbnailUrl\":\"http:\/\/ersaspen.com.tr\/wp-content\/uploads\/2025\/01\/Surdurulebilirlik-Gorsel.webp\",\"datePublished\":\"2024-03-24T13:26:03+00:00\",\"dateModified\":\"2025-01-11T08:47:26+00:00\",\"breadcrumb\":{\"@id\":\"https:\/\/ersaspen.com.tr\/surdurulebilirlik\/#breadcrumb\"},\"inLanguage\":\"en-US\",\"potentialAction\":[{\"@type\":\"ReadAction\",\"target\":[\"https:\/\/ersaspen.com.tr\/surdurulebilirlik\/\"]}]},{\"@type\":\"ImageObject\",\"inLanguage\":\"en-US\",\"@id\":\"https:\/\/ersaspen.com.tr\/surdurulebilirlik\/#primaryimage\",\"url\":\"http:\/\/ersaspen.com.tr\/wp-content\/uploads\/2025\/01\/Surdurulebilirlik-Gorsel.webp\",\"contentUrl\":\"http:\/\/ersaspen.com.tr\/wp-content\/uploads\/2025\/01\/Surdurulebilirlik-Gorsel.webp\"},{\"@type\":\"BreadcrumbList\",\"@id\":\"https:\/\/ersaspen.com.tr\/surdurulebilirlik\/#breadcrumb\",\"itemListElement\":[{\"@type\":\"ListItem\",\"position\":1,\"name\":\"Anasayfa\",\"item\":\"https:\/\/ersaspen.com.tr\/\"},{\"@type\":\"ListItem\",\"position\":2,\"name\":\"S\u00fcrd\u00fcr\u00fclebilirlik\"}]},{\"@type\":\"WebSite\",\"@id\":\"https:\/\/ersaspen.com.tr\/#website\",\"url\":\"https:\/\/ersaspen.com.tr\/\",\"name\":\"Ersa\u015fpen\",\"description\":\"\",\"publisher\":{\"@id\":\"https:\/\/ersaspen.com.tr\/#organization\"},\"potentialAction\":[{\"@type\":\"SearchAction\",\"target\":{\"@type\":\"EntryPoint\",\"urlTemplate\":\"https:\/\/ersaspen.com.tr\/?s={search_term_string}\"},\"query-input\":{\"@type\":\"PropertyValueSpecification\",\"valueRequired\":true,\"valueName\":\"search_term_string\"}}],\"inLanguage\":\"en-US\"},{\"@type\":\"Organization\",\"@id\":\"https:\/\/ersaspen.com.tr\/#organization\",\"name\":\"Ersa\u015fpen\",\"url\":\"https:\/\/ersaspen.com.tr\/\",\"logo\":{\"@type\":\"ImageObject\",\"inLanguage\":\"en-US\",\"@id\":\"https:\/\/ersaspen.com.tr\/#\/schema\/logo\/image\/\",\"url\":\"https:\/\/ersaspen.com.tr\/wp-content\/uploads\/2024\/03\/ERSAS_PEN_LOGO.svg\",\"contentUrl\":\"https:\/\/ersaspen.com.tr\/wp-content\/uploads\/2024\/03\/ERSAS_PEN_LOGO.svg\",\"width\":401,\"height\":73,\"caption\":\"Ersa\u015fpen\"},\"image\":{\"@id\":\"https:\/\/ersaspen.com.tr\/#\/schema\/logo\/image\/\"}}]}<\/script>\n<!-- \/ Yoast SEO plugin. -->","yoast_head_json":{"title":"S\u00fcrd\u00fcr\u00fclebilirlik -","robots":{"index":"index","follow":"follow","max-snippet":"max-snippet:-1","max-image-preview":"max-image-preview:large","max-video-preview":"max-video-preview:-1"},"canonical":"https:\/\/ersaspen.com.tr\/en\/sustainability\/","og_locale":"en_US","og_type":"article","og_title":"S\u00fcrd\u00fcr\u00fclebilirlik -","og_description":"\u00dcretim ve t\u00fcketim s\u00fcre\u00e7lerimizde do\u011fal kaynaklar\u0131 dikkate al\u0131yor, ekonomik de\u011fer olu\u015ftururken \u00e7evreyi koruma bilinciyle hareket ediyoruz. Ticari faaliyetlerimizi s\u00fcrd\u00fcr\u00fclebilirlik ilkeleri do\u011frultusunda, uzun vadeli ve verimli stratejiler geli\u015ftirerek s\u00fcrd\u00fcr\u00fcyoruz. Bu do\u011frultuda PVC sekt\u00f6r\u00fcnde yenilik\u00e7i \u00e7\u00f6z\u00fcmler \u00fcretirken \u00e7evresel etkileri de minimize ederek gelecek nesillere sa\u011fl\u0131kl\u0131 bir \u00e7evre b\u0131rakmay\u0131 ama\u00e7l\u0131yoruz.","og_url":"https:\/\/ersaspen.com.tr\/en\/sustainability\/","article_modified_time":"2025-01-11T08:47:26+00:00","og_image":[{"url":"http:\/\/ersaspen.com.tr\/wp-content\/uploads\/2025\/01\/Surdurulebilirlik-Gorsel.webp","type":"","width":"","height":""}],"twitter_card":"summary_large_image","twitter_misc":{"Est. reading time":"1 minute"},"schema":{"@context":"https:\/\/schema.org","@graph":[{"@type":"WebPage","@id":"https:\/\/ersaspen.com.tr\/surdurulebilirlik\/","url":"https:\/\/ersaspen.com.tr\/surdurulebilirlik\/","name":"S\u00fcrd\u00fcr\u00fclebilirlik -","isPartOf":{"@id":"https:\/\/ersaspen.com.tr\/#website"},"primaryImageOfPage":{"@id":"https:\/\/ersaspen.com.tr\/surdurulebilirlik\/#primaryimage"},"image":{"@id":"https:\/\/ersaspen.com.tr\/surdurulebilirlik\/#primaryimage"},"thumbnailUrl":"http:\/\/ersaspen.com.tr\/wp-content\/uploads\/2025\/01\/Surdurulebilirlik-Gorsel.webp","datePublished":"2024-03-24T13:26:03+00:00","dateModified":"2025-01-11T08:47:26+00:00","breadcrumb":{"@id":"https:\/\/ersaspen.com.tr\/surdurulebilirlik\/#breadcrumb"},"inLanguage":"en-US","potentialAction":[{"@type":"ReadAction","target":["https:\/\/ersaspen.com.tr\/surdurulebilirlik\/"]}]},{"@type":"ImageObject","inLanguage":"en-US","@id":"https:\/\/ersaspen.com.tr\/surdurulebilirlik\/#primaryimage","url":"http:\/\/ersaspen.com.tr\/wp-content\/uploads\/2025\/01\/Surdurulebilirlik-Gorsel.webp","contentUrl":"http:\/\/ersaspen.com.tr\/wp-content\/uploads\/2025\/01\/Surdurulebilirlik-Gorsel.webp"},{"@type":"BreadcrumbList","@id":"https:\/\/ersaspen.com.tr\/surdurulebilirlik\/#breadcrumb","itemListElement":[{"@type":"ListItem","position":1,"name":"Anasayfa","item":"https:\/\/ersaspen.com.tr\/"},{"@type":"ListItem","position":2,"name":"S\u00fcrd\u00fcr\u00fclebilirlik"}]},{"@type":"WebSite","@id":"https:\/\/ersaspen.com.tr\/#website","url":"https:\/\/ersaspen.com.tr\/","name":"Ersa\u015fpen","description":"","publisher":{"@id":"https:\/\/ersaspen.com.tr\/#organization"},"potentialAction":[{"@type":"SearchAction","target":{"@type":"EntryPoint","urlTemplate":"https:\/\/ersaspen.com.tr\/?s={search_term_string}"},"query-input":{"@type":"PropertyValueSpecification","valueRequired":true,"valueName":"search_term_string"}}],"inLanguage":"en-US"},{"@type":"Organization","@id":"https:\/\/ersaspen.com.tr\/#organization","name":"Ersa\u015fpen","url":"https:\/\/ersaspen.com.tr\/","logo":{"@type":"ImageObject","inLanguage":"en-US","@id":"https:\/\/ersaspen.com.tr\/#\/schema\/logo\/image\/","url":"https:\/\/ersaspen.com.tr\/wp-content\/uploads\/2024\/03\/ERSAS_PEN_LOGO.svg","contentUrl":"https:\/\/ersaspen.com.tr\/wp-content\/uploads\/2024\/03\/ERSAS_PEN_LOGO.svg","width":401,"height":73,"caption":"Ersa\u015fpen"},"image":{"@id":"https:\/\/ersaspen.com.tr\/#\/schema\/logo\/image\/"}}]}},"_links":{"self":[{"href":"https:\/\/ersaspen.com.tr\/en\/wp-json\/wp\/v2\/pages\/8734","targetHints":{"allow":["GET"]}}],"collection":[{"href":"https:\/\/ersaspen.com.tr\/en\/wp-json\/wp\/v2\/pages"}],"about":[{"href":"https:\/\/ersaspen.com.tr\/en\/wp-json\/wp\/v2\/types\/page"}],"author":[{"embeddable":true,"href":"https:\/\/ersaspen.com.tr\/en\/wp-json\/wp\/v2\/users\/1"}],"replies":[{"embeddable":true,"href":"https:\/\/ersaspen.com.tr\/en\/wp-json\/wp\/v2\/comments?post=8734"}],"version-history":[{"count":0,"href":"https:\/\/ersaspen.com.tr\/en\/wp-json\/wp\/v2\/pages\/8734\/revisions"}],"wp:attachment":[{"href":"https:\/\/ersaspen.com.tr\/en\/wp-json\/wp\/v2\/media?parent=8734"}],"curies":[{"name":"wp","href":"https:\/\/api.w.org\/{rel}","templated":true}]}}